







{"id":19,"date":"2018-01-30T14:06:33","date_gmt":"2018-01-30T13:06:33","guid":{"rendered":"http:\/\/nonnablanca.wp.dev.seaio\/fr\/nonna-blanca\/"},"modified":"2018-02-01T09:15:34","modified_gmt":"2018-02-01T08:15:34","slug":"nonna-blanca","status":"publish","type":"page","link":"https:\/\/nonnablanca.com\/fr\/nonna-blanca\/","title":{"rendered":"Nonna Blanca"},"content":{"rendered":"<h3 style=\"text-align: center;\">DES P\u00c2TES DE GRANDE QUALIT\u00c9<\/h3>\n<h2 class=\"p1\" style=\"text-align: center;\">Qu\u2019il s\u2019agisse de tomates juteuses, d\u2019\u00e9pinards go\u00fbteux, de fromages de ch\u00e8vre cr\u00e9meux, d\u2019asperges fra\u00eeches ou de d\u00e9licieux c\u00e8pes\u00a0: Nonna Blanca enveloppe ses ingr\u00e9dients de choix dans une fine p\u00e2te pr\u00e9par\u00e9e selon la tradition italienne.<\/h2>\n    <div class=\"topSpace-medium\"><\/div>\n    \n\t\t<div class=\"columns\">\n            <div class=\"column is-12 isHiddenMobile\">\n\t\t\t\t<!-- first row -->\n                <div class=\"columns\">\n\t\t\t\t\t                \t<div class=\"column is-4 is-center forwardBox\">\n\t\t\t\t\t\t<img decoding=\"async\" onclick=\"window.location.href='https:\/\/nonnablanca.com\/fr\/des-pates\/?id=43'\" style=\"cursor: pointer;\" class=\"pastaImgNav1\" src=\"https:\/\/nonnablanca.com\/fr\/wp-content\/uploads\/sites\/2\/Tomate_Front2-2.png\"\/>\t\t\t\t\t\t<div class=\"box boxPasta is-center\" onclick=\"window.location.href='https:\/\/nonnablanca.com\/fr\/des-pates\/?id=43'\" style=\"cursor: pointer;\">\n                        \t<div class=\"ingredient\">Tomates \/ Mozarella<\/div>\n\t\t\t\t\t\t\t\t\t\t\t\t\t\t\t<span class=\"button1\">Plus<\/span>\n\t\t\t\t\t\t\t\t                    \t<\/div>\n                \t<\/div>\n\t\t\t\t\t                \t<div class=\"column is-4 is-center forwardBox\">\n\t\t\t\t\t\t<img decoding=\"async\" onclick=\"window.location.href='https:\/\/nonnablanca.com\/fr\/des-pates\/?id=45'\" style=\"cursor: pointer;\" class=\"pastaImgNav1\" src=\"https:\/\/nonnablanca.com\/fr\/wp-content\/uploads\/sites\/2\/Spinat_Front2.png\"\/>\t\t\t\t\t\t<div class=\"box boxPasta is-center\" onclick=\"window.location.href='https:\/\/nonnablanca.com\/fr\/des-pates\/?id=45'\" style=\"cursor: pointer;\">\n                        \t<div class=\"ingredient\">Ricotta \/ \u00c9pinards<\/div>\n\t\t\t\t\t\t\t\t\t\t\t\t\t\t\t<span class=\"button1\">Plus<\/span>\n\t\t\t\t\t\t\t\t                    \t<\/div>\n                \t<\/div>\n\t\t\t\t\t                \t<div class=\"column is-4 is-center forwardBox\">\n\t\t\t\t\t\t<img decoding=\"async\" onclick=\"window.location.href='https:\/\/nonnablanca.com\/fr\/des-pates\/?id=47'\" style=\"cursor: pointer;\" class=\"pastaImgNav1\" src=\"https:\/\/nonnablanca.com\/fr\/wp-content\/uploads\/sites\/2\/Steinpilz_Front2.png\"\/>\t\t\t\t\t\t<div class=\"box boxPasta is-center\" onclick=\"window.location.href='https:\/\/nonnablanca.com\/fr\/des-pates\/?id=47'\" style=\"cursor: pointer;\">\n                        \t<div class=\"ingredient\">Ricotta \/ C\u00e8pes \/ Mascarpone<\/div>\n\t\t\t\t\t\t\t\t\t\t\t\t\t\t\t<span class=\"button1\">Plus<\/span>\n\t\t\t\t\t\t\t\t                    \t<\/div>\n                \t<\/div>\n\t\t\t\t\t                <\/div>\n\t\t\t\t<!-- second row -->\n                <div class=\"columns topLess\">\n                    <div class=\"column is-2\"><\/div>\n\t\t\t\t\t                    <div class=\"column is-center backBox\">\n\t\t\t\t\t\t<img decoding=\"async\" onclick=\"window.location.href='https:\/\/nonnablanca.com\/fr\/des-pates\/?id=49'\" style=\"cursor: pointer;\" class=\"pastaImgNav2\" src=\"https:\/\/nonnablanca.com\/fr\/wp-content\/uploads\/sites\/2\/Spargel_Front2.png\"\/>\t\t\t\t\t\t<div class=\"box boxPasta is-center\" onclick=\"window.location.href='https:\/\/nonnablanca.com\/fr\/des-pates\/?id=49'\" style=\"cursor: pointer;\">\n                            <div class=\"ingredient\">Ricotta \/ Asperges \/ Jambon cru<\/div>\n\t\t\t\t\t\t\t\t\t\t\t\t\t\t\t<span class=\"button1\">Plus<\/span>\n\t\t\t\t\t\t\t                        <\/div>\n                    <\/div>\n\t\t\t\t\t                    <div class=\"column is-center backBox\">\n\t\t\t\t\t\t<img decoding=\"async\" onclick=\"window.location.href='https:\/\/nonnablanca.com\/fr\/des-pates\/?id=51'\" style=\"cursor: pointer;\" class=\"pastaImgNav2\" src=\"https:\/\/nonnablanca.com\/fr\/wp-content\/uploads\/sites\/2\/Zwiebel_Front2.png\"\/>\t\t\t\t\t\t<div class=\"box boxPasta is-center\" onclick=\"window.location.href='https:\/\/nonnablanca.com\/fr\/des-pates\/?id=51'\" style=\"cursor: pointer;\">\n                            <div class=\"ingredient\">Oignon caram\u00e9lis\u00e9 \/ Fromage de ch\u00e8vre<\/div>\n\t\t\t\t\t\t\t\t\t\t\t\t\t\t\t<span class=\"button1\">Plus<\/span>\n\t\t\t\t\t\t\t                        <\/div>\n                    <\/div>\n\t\t\t\t\t\t\t\t\t\t<div class=\"column is-2\"><\/div>\n                <\/div>\n            <\/div>\n\t\t\t<div class=\"column is-12 isHiddenDesktop\">\n\t\t\t\t<div class=\"mobileProdList\">\n\t\t\t\t\t<ul>\n\t\t\t\t\t\t\t\t\t\t\t<li><a href=\"https:\/\/nonnablanca.com\/fr\/des-pates\/?id=43\">Tomates \/ Mozarella<\/a><\/li>\n\t\t\t\t\t\t\t\t\t\t\t<li><a href=\"https:\/\/nonnablanca.com\/fr\/des-pates\/?id=45\">Ricotta \/ \u00c9pinards<\/a><\/li>\n\t\t\t\t\t\t\t\t\t\t\t<li><a href=\"https:\/\/nonnablanca.com\/fr\/des-pates\/?id=47\">Ricotta \/ C\u00e8pes \/ Mascarpone<\/a><\/li>\n\t\t\t\t\t\t\t\t\t\t\t<li><a href=\"https:\/\/nonnablanca.com\/fr\/des-pates\/?id=49\">Ricotta \/ Asperges \/ Jambon cru<\/a><\/li>\n\t\t\t\t\t\t\t\t\t\t\t<li><a href=\"https:\/\/nonnablanca.com\/fr\/des-pates\/?id=51\">Oignon caram\u00e9lis\u00e9 \/ Fromage de ch\u00e8vre<\/a><\/li>\n\t\t\t\t\t\t\t\t\t\t<\/ul>\n\t\t\t\t<\/div>\n\t\t\t<\/div>\n\n        <\/div>\n    \n    <div class=\"columns lineSpace-big\">___________<\/div>\n    \n<h3 style=\"text-align: center;\">DES PLATS CUISIN\u00c9S RAPIDES<\/h3>\n<h2 class=\"p1\" style=\"text-align: center;\">Nonna Blanca a pr\u00e9par\u00e9 ces spaghettis bolognaise, ces tagliatelles \u00e0 la carbonara et ces pasta verdura selon la tradition italienne, de mani\u00e8re \u00e0 ce que les p\u00e2tes soient pr\u00eates en quelques minutes.<\/h2>\n    <div class=\"topSpace-medium\"><\/div>\n    \n        <div class=\"columns isHiddenMobile\">\n\t\t\t\t            <div class=\"column is-4 is-center\">\n\t\t\t\t\t<img decoding=\"async\" onclick=\"window.location.href='https:\/\/nonnablanca.com\/fr\/des-plats-cuisines\/?id=55'\" style=\"cursor: pointer; width: 230px;\" src=\"https:\/\/nonnablanca.com\/wp-content\/uploads\/Fertiggericht_Visual.png\"\/>\t                <div class=\"box boxFertiggerichte is-center sideBorders\" onclick=\"window.location.href='https:\/\/nonnablanca.com\/fr\/des-plats-cuisines\/?id=55'\" style=\"cursor: pointer;\">\n\t                    <div class=\"ingredient\">Spaghettis Bolognaise<\/div>\n\t\t\t\t\t\t\t\t\t\t\t\t\t<span class=\"button1\">Plus<\/span>\n\t\t\t\t\t\t\t                <\/div>\n\t            <\/div>\n\t\t\t\t            <div class=\"column is-4 is-center\">\n\t\t\t\t\t<img decoding=\"async\" onclick=\"window.location.href='https:\/\/nonnablanca.com\/fr\/des-plats-cuisines\/?id=63'\" style=\"cursor: pointer; width: 230px;\" src=\"https:\/\/nonnablanca.com\/wp-content\/uploads\/Fertiggericht_Visual3-1.png\"\/>\t                <div class=\"box boxFertiggerichte is-center sideBorders\" onclick=\"window.location.href='https:\/\/nonnablanca.com\/fr\/des-plats-cuisines\/?id=63'\" style=\"cursor: pointer;\">\n\t                    <div class=\"ingredient\">Pasta verdura<\/div>\n\t\t\t\t\t\t\t\t\t\t\t\t\t<span class=\"button1\">Plus<\/span>\n\t\t\t\t\t\t\t                <\/div>\n\t            <\/div>\n\t\t\t\t            <div class=\"column is-4 is-center\">\n\t\t\t\t\t<img decoding=\"async\" onclick=\"window.location.href='https:\/\/nonnablanca.com\/fr\/des-plats-cuisines\/?id=65'\" style=\"cursor: pointer; width: 230px;\" src=\"https:\/\/nonnablanca.com\/wp-content\/uploads\/Fertiggericht_Visual2.png\"\/>\t                <div class=\"box boxFertiggerichte is-center sideBorders\" onclick=\"window.location.href='https:\/\/nonnablanca.com\/fr\/des-plats-cuisines\/?id=65'\" style=\"cursor: pointer;\">\n\t                    <div class=\"ingredient\">Tagliatelles \u00e0 la carbonara<\/div>\n\t\t\t\t\t\t\t\t\t\t\t\t\t<span class=\"button1\">Plus<\/span>\n\t\t\t\t\t\t\t                <\/div>\n\t            <\/div>\n\t\t\t        <\/div>\n\t\t<div class=\"column3 isHiddenDesktop\">\n\t\t\t<div class=\"mobileProdList\">\n\t\t\t\t<ul>\n\t\t\t\t\t\t\t\t\t<li><a href=\"https:\/\/nonnablanca.com\/fr\/des-plats-cuisines\/?id=55\">Spaghettis Bolognaise<\/a><\/li>\n\t\t\t\t\t\t\t\t\t<li><a href=\"https:\/\/nonnablanca.com\/fr\/des-plats-cuisines\/?id=63\">Pasta verdura<\/a><\/li>\n\t\t\t\t\t\t\t\t\t<li><a href=\"https:\/\/nonnablanca.com\/fr\/des-plats-cuisines\/?id=65\">Tagliatelles \u00e0 la carbonara<\/a><\/li>\n\t\t\t\t\t\t\t\t<\/ul>\n\t\t\t<\/div>\n\t\t<\/div>\n        \n    <div class=\"topSpace-big\"><\/div>\n    \n","protected":false},"excerpt":{"rendered":"<p>DES P\u00c2TES DE GRANDE QUALIT\u00c9 Qu\u2019il s\u2019agisse de tomates juteuses, d\u2019\u00e9pinards go\u00fbteux, de fromages de ch\u00e8vre cr\u00e9meux, d\u2019asperges fra\u00eeches ou de d\u00e9licieux c\u00e8pes\u00a0: Nonna Blanca enveloppe ses ingr\u00e9dients de choix dans une fine p\u00e2te pr\u00e9par\u00e9e selon la tradition italienne. DES PLATS CUISIN\u00c9S RAPIDES Nonna Blanca a pr\u00e9par\u00e9 ces spaghettis bolognaise, ces tagliatelles \u00e0 la carbonara [&hellip;]<\/p>\n","protected":false},"author":1,"featured_media":0,"parent":0,"menu_order":0,"comment_status":"closed","ping_status":"closed","template":"","meta":{"footnotes":""},"class_list":["post-19","page","type-page","status-publish","hentry"],"yoast_head":"<!-- This site is optimized with the Yoast SEO plugin v26.3 - https:\/\/yoast.com\/wordpress\/plugins\/seo\/ -->\n<title>Nonna Blanca - Nonna Blanca<\/title>\n<meta name=\"robots\" content=\"index, follow, max-snippet:-1, max-image-preview:large, max-video-preview:-1\" \/>\n<link rel=\"canonical\" href=\"https:\/\/nonnablanca.com\/fr\/nonna-blanca\/\" \/>\n<meta property=\"og:locale\" content=\"fr_FR\" \/>\n<meta property=\"og:type\" content=\"article\" \/>\n<meta property=\"og:title\" content=\"Nonna Blanca - Nonna Blanca\" \/>\n<meta property=\"og:description\" content=\"DES P\u00c2TES DE GRANDE QUALIT\u00c9 Qu\u2019il s\u2019agisse de tomates juteuses, d\u2019\u00e9pinards go\u00fbteux, de fromages de ch\u00e8vre cr\u00e9meux, d\u2019asperges fra\u00eeches ou de d\u00e9licieux c\u00e8pes\u00a0: Nonna Blanca enveloppe ses ingr\u00e9dients de choix dans une fine p\u00e2te pr\u00e9par\u00e9e selon la tradition italienne. DES PLATS CUISIN\u00c9S RAPIDES Nonna Blanca a pr\u00e9par\u00e9 ces spaghettis bolognaise, ces tagliatelles \u00e0 la carbonara [&hellip;]\" \/>\n<meta property=\"og:url\" content=\"https:\/\/nonnablanca.com\/fr\/nonna-blanca\/\" \/>\n<meta property=\"og:site_name\" content=\"Nonna Blanca\" \/>\n<meta property=\"article:modified_time\" content=\"2018-02-01T08:15:34+00:00\" \/>\n<meta name=\"twitter:card\" content=\"summary_large_image\" \/>\n<meta name=\"twitter:label1\" content=\"Dur\u00e9e de lecture estim\u00e9e\" \/>\n\t<meta name=\"twitter:data1\" content=\"1 minute\" \/>\n<script type=\"application\/ld+json\" class=\"yoast-schema-graph\">{\"@context\":\"https:\/\/schema.org\",\"@graph\":[{\"@type\":\"WebPage\",\"@id\":\"https:\/\/nonnablanca.com\/fr\/nonna-blanca\/\",\"url\":\"https:\/\/nonnablanca.com\/fr\/nonna-blanca\/\",\"name\":\"Nonna Blanca - Nonna Blanca\",\"isPartOf\":{\"@id\":\"https:\/\/nonnablanca.com\/fr\/#website\"},\"datePublished\":\"2018-01-30T13:06:33+00:00\",\"dateModified\":\"2018-02-01T08:15:34+00:00\",\"breadcrumb\":{\"@id\":\"https:\/\/nonnablanca.com\/fr\/nonna-blanca\/#breadcrumb\"},\"inLanguage\":\"fr-FR\",\"potentialAction\":[{\"@type\":\"ReadAction\",\"target\":[\"https:\/\/nonnablanca.com\/fr\/nonna-blanca\/\"]}]},{\"@type\":\"BreadcrumbList\",\"@id\":\"https:\/\/nonnablanca.com\/fr\/nonna-blanca\/#breadcrumb\",\"itemListElement\":[{\"@type\":\"ListItem\",\"position\":1,\"name\":\"Startseite\",\"item\":\"https:\/\/nonnablanca.com\/fr\/\"},{\"@type\":\"ListItem\",\"position\":2,\"name\":\"Nonna Blanca\"}]},{\"@type\":\"WebSite\",\"@id\":\"https:\/\/nonnablanca.com\/fr\/#website\",\"url\":\"https:\/\/nonnablanca.com\/fr\/\",\"name\":\"Nonna Blanca\",\"description\":\"\",\"potentialAction\":[{\"@type\":\"SearchAction\",\"target\":{\"@type\":\"EntryPoint\",\"urlTemplate\":\"https:\/\/nonnablanca.com\/fr\/?s={search_term_string}\"},\"query-input\":{\"@type\":\"PropertyValueSpecification\",\"valueRequired\":true,\"valueName\":\"search_term_string\"}}],\"inLanguage\":\"fr-FR\"}]}<\/script>\n<!-- \/ Yoast SEO plugin. -->","yoast_head_json":{"title":"Nonna Blanca - Nonna Blanca","robots":{"index":"index","follow":"follow","max-snippet":"max-snippet:-1","max-image-preview":"max-image-preview:large","max-video-preview":"max-video-preview:-1"},"canonical":"https:\/\/nonnablanca.com\/fr\/nonna-blanca\/","og_locale":"fr_FR","og_type":"article","og_title":"Nonna Blanca - Nonna Blanca","og_description":"DES P\u00c2TES DE GRANDE QUALIT\u00c9 Qu\u2019il s\u2019agisse de tomates juteuses, d\u2019\u00e9pinards go\u00fbteux, de fromages de ch\u00e8vre cr\u00e9meux, d\u2019asperges fra\u00eeches ou de d\u00e9licieux c\u00e8pes\u00a0: Nonna Blanca enveloppe ses ingr\u00e9dients de choix dans une fine p\u00e2te pr\u00e9par\u00e9e selon la tradition italienne. DES PLATS CUISIN\u00c9S RAPIDES Nonna Blanca a pr\u00e9par\u00e9 ces spaghettis bolognaise, ces tagliatelles \u00e0 la carbonara [&hellip;]","og_url":"https:\/\/nonnablanca.com\/fr\/nonna-blanca\/","og_site_name":"Nonna Blanca","article_modified_time":"2018-02-01T08:15:34+00:00","twitter_card":"summary_large_image","twitter_misc":{"Dur\u00e9e de lecture estim\u00e9e":"1 minute"},"schema":{"@context":"https:\/\/schema.org","@graph":[{"@type":"WebPage","@id":"https:\/\/nonnablanca.com\/fr\/nonna-blanca\/","url":"https:\/\/nonnablanca.com\/fr\/nonna-blanca\/","name":"Nonna Blanca - Nonna Blanca","isPartOf":{"@id":"https:\/\/nonnablanca.com\/fr\/#website"},"datePublished":"2018-01-30T13:06:33+00:00","dateModified":"2018-02-01T08:15:34+00:00","breadcrumb":{"@id":"https:\/\/nonnablanca.com\/fr\/nonna-blanca\/#breadcrumb"},"inLanguage":"fr-FR","potentialAction":[{"@type":"ReadAction","target":["https:\/\/nonnablanca.com\/fr\/nonna-blanca\/"]}]},{"@type":"BreadcrumbList","@id":"https:\/\/nonnablanca.com\/fr\/nonna-blanca\/#breadcrumb","itemListElement":[{"@type":"ListItem","position":1,"name":"Startseite","item":"https:\/\/nonnablanca.com\/fr\/"},{"@type":"ListItem","position":2,"name":"Nonna Blanca"}]},{"@type":"WebSite","@id":"https:\/\/nonnablanca.com\/fr\/#website","url":"https:\/\/nonnablanca.com\/fr\/","name":"Nonna Blanca","description":"","potentialAction":[{"@type":"SearchAction","target":{"@type":"EntryPoint","urlTemplate":"https:\/\/nonnablanca.com\/fr\/?s={search_term_string}"},"query-input":{"@type":"PropertyValueSpecification","valueRequired":true,"valueName":"search_term_string"}}],"inLanguage":"fr-FR"}]}},"_links":{"self":[{"href":"https:\/\/nonnablanca.com\/fr\/wp-json\/wp\/v2\/pages\/19","targetHints":{"allow":["GET"]}}],"collection":[{"href":"https:\/\/nonnablanca.com\/fr\/wp-json\/wp\/v2\/pages"}],"about":[{"href":"https:\/\/nonnablanca.com\/fr\/wp-json\/wp\/v2\/types\/page"}],"author":[{"embeddable":true,"href":"https:\/\/nonnablanca.com\/fr\/wp-json\/wp\/v2\/users\/1"}],"replies":[{"embeddable":true,"href":"https:\/\/nonnablanca.com\/fr\/wp-json\/wp\/v2\/comments?post=19"}],"version-history":[{"count":5,"href":"https:\/\/nonnablanca.com\/fr\/wp-json\/wp\/v2\/pages\/19\/revisions"}],"predecessor-version":[{"id":158,"href":"https:\/\/nonnablanca.com\/fr\/wp-json\/wp\/v2\/pages\/19\/revisions\/158"}],"wp:attachment":[{"href":"https:\/\/nonnablanca.com\/fr\/wp-json\/wp\/v2\/media?parent=19"}],"curies":[{"name":"wp","href":"https:\/\/api.w.org\/{rel}","templated":true}]}}