







{"id":20,"date":"2018-01-30T14:07:07","date_gmt":"2018-01-30T13:07:07","guid":{"rendered":"http:\/\/nonnablanca.wp.dev.seaio\/fr\/pasta\/"},"modified":"2018-02-01T08:24:27","modified_gmt":"2018-02-01T07:24:27","slug":"des-pates","status":"publish","type":"page","link":"https:\/\/nonnablanca.com\/fr\/des-pates\/","title":{"rendered":"Des p\u00e2tes"},"content":{"rendered":"<h1 style=\"text-align: center;\">DES P\u00c2TES DE GRANDE QUALIT\u00c9<\/h1>\n\n\t<\/div>\n\t<div class=\"columns is-multiline is-gapless\">\n\t\t\t    <div id=\"pasta_43\" class=\"column is-12 hasBackground topSpace-medium\">\n\t\t\t<div class=\"container\">\n\t            <div class=\"columns is-gapless\">\n\t                <div class=\"column is-4 is-center prodImage\"><img decoding=\"async\" class=\"pastaProdImg\" src=\"https:\/\/nonnablanca.com\/fr\/wp-content\/uploads\/sites\/2\/Nonna-Blanca_Visual_Tomate2.png\"><\/div>\n\t                <div class=\"column is-4 is-center isHiddenMobile\"><img decoding=\"async\" class=\"pastaProdSujet\" src=\"https:\/\/nonnablanca.com\/wp-content\/uploads\/Tomate1.png\"><\/div>\n\t                <div class=\"column is-4 prodDesc\">\n\t                    <div class=\"name text-uppercase\">Tomates \/ Mozarella<\/div>\n\t                    <div class=\"adjectives\">Garnies de tomates juteuses et de mozzarella tr\u00e8s parfum\u00e9e, ces mezzelune sont un vrai r\u00e9gal tout au long de l\u2019ann\u00e9e.<\/div>\n\t                    <div class=\"description\"><p class=\"p1\">Aromate d\u00e9licieux, le basilic apporte une l\u00e9g\u00e8re saveur des pays du sud en \u00e9t\u00e9 et une note italienne authentique lorsque les temp\u00e9ratures chutent.<\/p><\/div>\n\t                    <ul class=\"info\">\n\t\t\t\t\t\t\t<!--\n\t\t\t\t\t\t\t\t\t\t\t\t\t\t\t<li><p class=\"text-uppercase\">Mezzelune<\/p><\/li>\n\t\t\t\t\t\t\t\t\t\t\t\t\t\t-->\n\t\t\t\t\t\t\t\t                        \t<li><p>250 g<\/p><\/li>\n\t\t\t\t\t\t\t\t\t\t\t\t\t\t\t                        \t<li><p>Pr\u00eat en 5 minutes<\/p><\/li>\n\t\t\t\t\t\t\t\t                    <\/ul>\n\t\t\t\t\t\t\t                <\/div>\n\t            <\/div>\n\t        <\/div>\n\t    <\/div>\n\t\t\t\t\t\t<div id=\"highlights\" class=\"column is-12 productInfo topSpace-medium\">\n\t\t\t        <div class=\"container\">\n\t\t\t            <div class=\"columns is-multiline\">\n\t\t\t\t\t\t\t<!--\n\t\t\t                <div class=\"column is-12 is-center text-uppercase\">\n\t\t\t                    <div class=\"title\">PRODUITS PHARES<\/div>\n\t\t\t                <\/div>\n\t\t\t\t\t\t\t-->\n\t\t\t                <div class=\"column is-12 is-center\">\n\t\t\t                    <h3 class=\"text-center text-uppercase\">Le vrai go\u00fbt des p\u00e2tes<\/h3>\n\t\t\t                <\/div>\n\t\t\t\t\t\t\t\t\t\t\t\t\t\t<div class=\"isHiddenMobile\">\n\t\t\t\t\t\t\t\t<style type=\"text\/css\">\n\t\t\t\t\t\t\t\t\t.highlights{\n\t\t\t\t\t\t\t\t\t\tposition: absolute;\n\t\t\t\t\t\t\t\t\t\ttop: 5px;\n\t\t\t\t\t\t\t\t\t\tleft: 0;\n\t\t\t\t\t\t\t\t\t\tz-index: 5;\n\t\t\t\t\t\t\t\t\t}\n\t\t\t\t\t\t\t\t\t.highlights img, .highlightsHover img{\n\t\t\t\t\t\t\t\t\t\twidth: 100%;\n\t\t\t\t\t\t\t\t\t}\n\n\t\t\t\t\t\t\t\t\t.highlightsHover{\n\t\t\t\t\t\t\t\t\t\tdisplay: none;\n\t\t\t\t\t\t\t\t\t\tposition: absolute;\n\t\t\t\t\t\t\t\t\t\ttop: 5px;\n\t\t\t\t\t\t\t\t\t\tleft: 0;\n\t\t\t\t\t\t\t\t\t\tz-index: 5;\n\t\t\t\t\t\t\t\t\t}\n\t\t\t\t\t\t\t\t\t.highlightmap{\n\t\t\t\t\t\t\t\t\t\tcursor: pointer;\n\t\t\t\t\t\t\t\t\t\tz-index: 10;\n\t\t\t\t\t\t\t\t\t}\n\t\t\t\t\t\t\t\t<\/style>\n\t\t\t\t\t\t\t\t<script>\n\t\t\t\t\t\t\t\t\t$(document).ready(function () {\n\t\t\t\t\t\t\t\t\t\t$('.highlightmap').mouseenter(function(){\n\t\t\t\t\t\t\t\t\t\t\tno = $(this).attr('data-hlm');\n\t\t\t\t\t\t\t\t\t\t\t$('#hl_'+no).hide();\n\t\t\t\t\t\t\t\t\t\t\t$('#hlh_'+no).show();\n\t\t\t\t\t\t\t\t\t\t});\n\t\t\t\t\t\t\t\t\t\t$('.highlightmap').mouseleave(function(){\n\t\t\t\t\t\t\t\t\t\t\tno = $(this).attr('data-hlm');\n\t\t\t\t\t\t\t\t\t\t\t$('#hlh_'+no).hide();\n\t\t\t\t\t\t\t\t\t\t\t$('#hl_'+no).show();\n\t\t\t\t\t\t\t\t\t\t});\n\t\t\t\t\t\t\t\t\t});\n\t\t\t\t\t\t\t\t<\/script>\n\n\t\t\t\t                <div class=\"column\">\n\t\t\t\t\t\t\t\t\t<div><img decoding=\"async\" style=\"width: 100%\" src=\"https:\/\/nonnablanca.com\/fr\/wp-content\/themes\/nonnablanca\/assets\/images\/mezzelune\/Mezzelune_Illu_1.png\"><\/div>\n\t\t\t\t\t\t\t\t\t<div id=\"hl_1\" class=\"highlights\"><img decoding=\"async\" src=\"https:\/\/nonnablanca.com\/fr\/wp-content\/themes\/nonnablanca\/assets\/images\/mezzelune\/fr2\/1.png\"><\/div>\n\t\t\t\t\t\t\t\t\t<div id=\"hl_2\" class=\"highlights\"><img decoding=\"async\" src=\"https:\/\/nonnablanca.com\/fr\/wp-content\/themes\/nonnablanca\/assets\/images\/mezzelune\/fr2\/2.png\"><\/div>\n\t\t\t\t\t\t\t\t\t<div id=\"hl_3\" class=\"highlights\"><img decoding=\"async\" src=\"https:\/\/nonnablanca.com\/fr\/wp-content\/themes\/nonnablanca\/assets\/images\/mezzelune\/fr2\/3.png\"><\/div>\n\t\t\t\t\t\t\t\t\t<div id=\"hl_4\" class=\"highlights\"><img decoding=\"async\" src=\"https:\/\/nonnablanca.com\/fr\/wp-content\/themes\/nonnablanca\/assets\/images\/mezzelune\/fr2\/4.png\"><\/div>\n\t\t\t\t\t\t\t\t\t<div id=\"hl_5\" class=\"highlights\"><img decoding=\"async\" src=\"https:\/\/nonnablanca.com\/fr\/wp-content\/themes\/nonnablanca\/assets\/images\/mezzelune\/fr2\/5.png\"><\/div>\n\t\t\t\t\t\t\t\t\t<div id=\"hl_6\" class=\"highlights\"><img decoding=\"async\" src=\"https:\/\/nonnablanca.com\/fr\/wp-content\/themes\/nonnablanca\/assets\/images\/mezzelune\/fr2\/6.png\"><\/div>\n\t\t\t\t\t\t\t\t\t<div id=\"hl_7\" class=\"highlights\"><img decoding=\"async\" src=\"https:\/\/nonnablanca.com\/fr\/wp-content\/themes\/nonnablanca\/assets\/images\/mezzelune\/fr2\/7.png\"><\/div>\n\t\t\t\t\t\t\t\t\t<div id=\"hl_8\" class=\"highlights\"><img decoding=\"async\" src=\"https:\/\/nonnablanca.com\/fr\/wp-content\/themes\/nonnablanca\/assets\/images\/mezzelune\/fr2\/8.png\"><\/div>\n\t\t\t\t\t\t\t\t\t<div id=\"hl_9\" class=\"highlights\"><img decoding=\"async\" src=\"https:\/\/nonnablanca.com\/fr\/wp-content\/themes\/nonnablanca\/assets\/images\/mezzelune\/fr2\/9.png\"><\/div>\n\n\t\t\t\t\t\t\t\t\t<div id=\"hlh_1\" class=\"highlightsHover\"><img decoding=\"async\" src=\"https:\/\/nonnablanca.com\/fr\/wp-content\/themes\/nonnablanca\/assets\/images\/mezzelune\/fr2\/1_hover.png\"><\/div>\n\t\t\t\t\t\t\t\t\t<div id=\"hlh_2\" class=\"highlightsHover\"><img decoding=\"async\" src=\"https:\/\/nonnablanca.com\/fr\/wp-content\/themes\/nonnablanca\/assets\/images\/mezzelune\/fr2\/2_hover.png\"><\/div>\n\t\t\t\t\t\t\t\t\t<div id=\"hlh_3\" class=\"highlightsHover\"><img decoding=\"async\" src=\"https:\/\/nonnablanca.com\/fr\/wp-content\/themes\/nonnablanca\/assets\/images\/mezzelune\/fr2\/3_hover.png\"><\/div>\n\t\t\t\t\t\t\t\t\t<div id=\"hlh_4\" class=\"highlightsHover\"><img decoding=\"async\" src=\"https:\/\/nonnablanca.com\/fr\/wp-content\/themes\/nonnablanca\/assets\/images\/mezzelune\/fr2\/4_hover.png\"><\/div>\n\t\t\t\t\t\t\t\t\t<div id=\"hlh_5\" class=\"highlightsHover\"><img decoding=\"async\" src=\"https:\/\/nonnablanca.com\/fr\/wp-content\/themes\/nonnablanca\/assets\/images\/mezzelune\/fr2\/5_hover.png\"><\/div>\n\t\t\t\t\t\t\t\t\t<div id=\"hlh_6\" class=\"highlightsHover\"><img decoding=\"async\" src=\"https:\/\/nonnablanca.com\/fr\/wp-content\/themes\/nonnablanca\/assets\/images\/mezzelune\/fr2\/6_hover.png\"><\/div>\n\t\t\t\t\t\t\t\t\t<div id=\"hlh_7\" class=\"highlightsHover\"><img decoding=\"async\" src=\"https:\/\/nonnablanca.com\/fr\/wp-content\/themes\/nonnablanca\/assets\/images\/mezzelune\/fr2\/7_hover.png\"><\/div>\n\t\t\t\t\t\t\t\t\t<div id=\"hlh_8\" class=\"highlightsHover\"><img decoding=\"async\" src=\"https:\/\/nonnablanca.com\/fr\/wp-content\/themes\/nonnablanca\/assets\/images\/mezzelune\/fr2\/8_hover.png\"><\/div>\n\t\t\t\t\t\t\t\t\t<div id=\"hlh_9\" class=\"highlightsHover\"><img decoding=\"async\" src=\"https:\/\/nonnablanca.com\/fr\/wp-content\/themes\/nonnablanca\/assets\/images\/mezzelune\/fr2\/9_hover.png\"><\/div>\n\n\t\t\t\t\t\t\t\t\t\t\t\t\t\t\t\t\t\t\t<div class=\"highlightmap\" data-hlm=\"1\" style=\"position: absolute; top: 9%; left: 10%; width: 14%; height: 7%;\"><\/div>\n\t\t\t\t\t\t\t\t\t\t<div class=\"highlightmap\" data-hlm=\"2\" style=\"position: absolute; top: 23%; left: 10%; width: 14%; height: 7%;\"><\/div>\n\t\t\t\t\t\t\t\t\t\t<div class=\"highlightmap\" data-hlm=\"3\" style=\"position: absolute; top: 82%; left: 2%; width: 25%; height: 8%;\"><\/div>\n\t\t\t\t\t\t\t\t\t\t<div class=\"highlightmap\" data-hlm=\"4\" style=\"position: absolute; top: 30%; left: 52%; width: 12%; height: 7%;\"><\/div>\n\t\t\t\t\t\t\t\t\t\t<div class=\"highlightmap\" data-hlm=\"5\" style=\"position: absolute; top: 48%; left: 52%; width: 10%; height: 12%;\"><\/div>\n\t\t\t\t\t\t\t\t\t\t<div class=\"highlightmap\" data-hlm=\"6\" style=\"position: absolute; top: 67%; left: 52%; width: 12%; height: 11%;\"><\/div>\n\t\t\t\t\t\t\t\t\t\t<div class=\"highlightmap\" data-hlm=\"7\" style=\"position: absolute; top: 8%; left: 82%; width: 17%; height: 8%;\"><\/div>\n\t\t\t\t\t\t\t\t\t\t<div class=\"highlightmap\" data-hlm=\"8\" style=\"position: absolute; top: 83%; left: 82%; width: 14%; height: 7%;\"><\/div>\n\t\t\t\t\t\t\t\t\t\t<div class=\"highlightmap\" data-hlm=\"9\" style=\"position: absolute; top: 83%; left: 45%; width: 24%; height: 8%;\"><\/div>\n\t\t\t\t\t\t\t\t\t\t\t\t\t                <\/div>\n\t\t\t\t\t\t\t<\/div>\n\n\t\t\t\t\t\t\t<div class=\"isHiddenDesktop\">\n\t\t\t\t\t\t\t\t<div style=\"margin-bottom: 10px;\"><img decoding=\"async\" style=\"width: 100%\" src=\"https:\/\/nonnablanca.com\/fr\/wp-content\/themes\/nonnablanca\/assets\/images\/mezzelune\/mezzelune_mobile.png\"><\/div>\n\t\t\t\t\t\t\t\t<style type=\"text\/css\">\n\t\t\t\t\t\t\t\t\t.highlightItem{\n\t\t\t\t\t\t\t\t\t\tmargin-bottom: 20px;\n\t\t\t\t\t\t\t\t\t\ttext-align: center;\n\t\t\t\t\t\t\t\t\t\tline-height: 20px;\n\t\t\t\t\t\t\t\t\t}\n\t\t\t\t\t\t\t\t<\/style>\n\t\t\t\t\t\t\t\t\t\t\t\t\t\t\t\t\t<div class=\"highlightItem\">Des p\u00e2tes fra\u00eeches non pr\u00e9cuites<\/div>\n\t\t\t\t\t\t\t\t\t<div class=\"highlightItem\">Une p\u00e2te pr\u00e9par\u00e9e \u00e0 l\u2019italienne<\/div>\n\t\t\t\t\t\t\t\t\t<div class=\"highlightItem\">Pas d\u2019ar\u00f4mes ni de colorants artificiels<\/div>\n\t\t\t\t\t\t\t\t\t<div class=\"highlightItem\">Une forme de mezzelune esth\u00e9tique (demi-lune)<\/div>\n\t\t\t\t\t\t\t\t\t<div class=\"highlightItem\">Une part de garniture importante (50 %)<\/div>\n\t\t\t\t\t\t\t\t\t<div class=\"highlightItem\">Des ingr\u00e9dients de choix<\/div>\n\t\t\t\t\t\t\t\t\t<div class=\"highlightItem\">Des \u0153ufs issus d\u2019\u00e9levage en plein air et\/ou au sol<\/div>\n\t\t\t\t\t\t\t\t\t<div class=\"highlightItem\">Une proportion d\u2019\u0153ufs \u00e9lev\u00e9e (30 %)<\/div>\n\t\t\t\t\t\t\t\t\t<div class=\"highlightItem\">Un poids de 300 g apr\u00e8s cuisson<\/div>\n\t\t\t\t\t\t\t\t\t<div class=\"highlightItem\">Une pr\u00e9paration de grande qualit\u00e9<\/div>\n\t\t\t\t\t\t\t\t\t\t\t\t\t\t\t<\/div>\n\n\t\t\t            <\/div>\n\t\t\t        <\/div>\n\t\t\t    <\/div>\n\t\t\t\t\t    <div id=\"pasta_45\" class=\"column is-12 hasBackground topSpace-medium\">\n\t\t\t<div class=\"container\">\n\t            <div class=\"columns is-gapless\">\n\t                <div class=\"column is-4 is-center prodImage\"><img decoding=\"async\" class=\"pastaProdImg\" src=\"https:\/\/nonnablanca.com\/fr\/wp-content\/uploads\/sites\/2\/Nonna-Blanca_Visual_Spinat2.png\"><\/div>\n\t                <div class=\"column is-4 is-center isHiddenMobile\"><img decoding=\"async\" class=\"pastaProdSujet\" src=\"https:\/\/nonnablanca.com\/wp-content\/uploads\/Spinat1-1.png\"><\/div>\n\t                <div class=\"column is-4 prodDesc\">\n\t                    <div class=\"name text-uppercase\">Ricotta \/ \u00c9pinards<\/div>\n\t                    <div class=\"adjectives\">Des \u00e9pinards juteux et une ricotta tr\u00e8s parfum\u00e9e\u00a0: voici un duo classique exquis qui sublime n\u2019importe quel repas rapide.<\/div>\n\t                    <div class=\"description\"><p class=\"p1\">Ces mezzelune doivent leur go\u00fbt cr\u00e9meux \u00e0 une pointe de mascarpone et \u00e0 une recette traditionnelle.<\/p><\/div>\n\t                    <ul class=\"info\">\n\t\t\t\t\t\t\t<!--\n\t\t\t\t\t\t\t\t\t\t\t\t\t\t\t<li><p class=\"text-uppercase\">Mezzelune<\/p><\/li>\n\t\t\t\t\t\t\t\t\t\t\t\t\t\t-->\n\t\t\t\t\t\t\t\t                        \t<li><p>250 g<\/p><\/li>\n\t\t\t\t\t\t\t\t\t\t\t\t\t\t\t                        \t<li><p>Pr\u00eat en 5 minutes<\/p><\/li>\n\t\t\t\t\t\t\t\t                    <\/ul>\n\t\t\t\t\t\t\t                <\/div>\n\t            <\/div>\n\t        <\/div>\n\t    <\/div>\n\t\t\t    <div id=\"pasta_47\" class=\"column is-12 hasBackground topSpace-medium\">\n\t\t\t<div class=\"container\">\n\t            <div class=\"columns is-gapless\">\n\t                <div class=\"column is-4 is-center prodImage\"><img decoding=\"async\" class=\"pastaProdImg\" src=\"https:\/\/nonnablanca.com\/fr\/wp-content\/uploads\/sites\/2\/Nonna-Blanca_Visual_Steinpilz2.png\"><\/div>\n\t                <div class=\"column is-4 is-center isHiddenMobile\"><img decoding=\"async\" class=\"pastaProdSujet\" src=\"https:\/\/nonnablanca.com\/fr\/wp-content\/uploads\/sites\/2\/Steinpilz2.png\"><\/div>\n\t                <div class=\"column is-4 prodDesc\">\n\t                    <div class=\"name text-uppercase\">Ricotta \/ C\u00e8pes \/ Mascarpone<\/div>\n\t                    <div class=\"adjectives\">La cr\u00e9ation d\u2019automne parfaite\u00a0: lorsque les journ\u00e9es deviennent plus courtes, des c\u00e8pes frais et un mascarpone cr\u00e9meux produisent un plat exquis.\r\n<\/div>\n\t                    <div class=\"description\"><p class=\"p1\">Une ricotta tr\u00e8s parfum\u00e9e vient sublimer ces deux ingr\u00e9dients qui sont ensuite envelopp\u00e9s dans une fine p\u00e2te pour former d\u2019exquis mezzelune.<\/p><\/div>\n\t                    <ul class=\"info\">\n\t\t\t\t\t\t\t<!--\n\t\t\t\t\t\t\t\t\t\t\t\t\t\t\t<li><p class=\"text-uppercase\">Mezzelune<\/p><\/li>\n\t\t\t\t\t\t\t\t\t\t\t\t\t\t-->\n\t\t\t\t\t\t\t\t                        \t<li><p>250 g<\/p><\/li>\n\t\t\t\t\t\t\t\t\t\t\t\t\t\t\t                        \t<li><p>Pr\u00eat en 5 minutes<\/p><\/li>\n\t\t\t\t\t\t\t\t                    <\/ul>\n\t\t\t\t\t\t\t                <\/div>\n\t            <\/div>\n\t        <\/div>\n\t    <\/div>\n\t\t\t    <div id=\"pasta_49\" class=\"column is-12 hasBackground topSpace-medium\">\n\t\t\t<div class=\"container\">\n\t            <div class=\"columns is-gapless\">\n\t                <div class=\"column is-4 is-center prodImage\"><img decoding=\"async\" class=\"pastaProdImg\" src=\"https:\/\/nonnablanca.com\/fr\/wp-content\/uploads\/sites\/2\/Nonna-Blanca_Visual_Rohschinken_Spargel2.png\"><\/div>\n\t                <div class=\"column is-4 is-center isHiddenMobile\"><img decoding=\"async\" class=\"pastaProdSujet\" src=\"https:\/\/nonnablanca.com\/wp-content\/uploads\/Rohschinken_Spargel1.png\"><\/div>\n\t                <div class=\"column is-4 prodDesc\">\n\t                    <div class=\"name text-uppercase\">Ricotta \/ Asperges \/ Jambon cru<\/div>\n\t                    <div class=\"adjectives\">Le jambon de pays fum\u00e9 et les asperges vertes fra\u00eeches de ces mezzelune r\u00e9veillent des sensations printani\u00e8res.<\/div>\n\t                    <div class=\"description\"><p class=\"p1\">Nonna Blanca y ajoute une savante dose de ricotta et de mascarpone cr\u00e9meux pour que vous puissiez pr\u00e9parer un plat de printemps app\u00e9tissant en un rien de temps.<\/p><\/div>\n\t                    <ul class=\"info\">\n\t\t\t\t\t\t\t<!--\n\t\t\t\t\t\t\t\t\t\t\t\t\t\t\t<li><p class=\"text-uppercase\">Mezzelune<\/p><\/li>\n\t\t\t\t\t\t\t\t\t\t\t\t\t\t-->\n\t\t\t\t\t\t\t\t                        \t<li><p>250 g<\/p><\/li>\n\t\t\t\t\t\t\t\t\t\t\t\t\t\t\t                        \t<li><p>Pr\u00eat en 5 minutes<\/p><\/li>\n\t\t\t\t\t\t\t\t                    <\/ul>\n\t\t\t\t\t\t\t                <\/div>\n\t            <\/div>\n\t        <\/div>\n\t    <\/div>\n\t\t\t    <div id=\"pasta_51\" class=\"column is-12 hasBackground topSpace-medium\">\n\t\t\t<div class=\"container\">\n\t            <div class=\"columns is-gapless\">\n\t                <div class=\"column is-4 is-center prodImage\"><img decoding=\"async\" class=\"pastaProdImg\" src=\"https:\/\/nonnablanca.com\/fr\/wp-content\/uploads\/sites\/2\/Nonna-Blanca_Visual_Zwiebel2.png\"><\/div>\n\t                <div class=\"column is-4 is-center isHiddenMobile\"><img decoding=\"async\" class=\"pastaProdSujet\" src=\"https:\/\/nonnablanca.com\/fr\/wp-content\/uploads\/sites\/2\/Zwiebel1.png\"><\/div>\n\t                <div class=\"column is-4 prodDesc\">\n\t                    <div class=\"name text-uppercase\">Oignon caram\u00e9lis\u00e9 \/ Fromage de ch\u00e8vre<\/div>\n\t                    <div class=\"adjectives\">De d\u00e9licats oignons confits associ\u00e9s \u00e0 du fromage de ch\u00e8vre frais\u00a0: voici une cr\u00e9ation que vous ne trouverez pas dans tous les rayons frais.\r\n<\/div>\n\t                    <div class=\"description\"><p class=\"p1\">Avec leur petite note sucr\u00e9e et relev\u00e9e, ces mezzelune sont la promesse d\u2019un moment de d\u00e9lectation divin que vous souhaiterez certainement revivre.<\/p><\/div>\n\t                    <ul class=\"info\">\n\t\t\t\t\t\t\t<!--\n\t\t\t\t\t\t\t\t\t\t\t\t\t\t\t<li><p class=\"text-uppercase\">Mezzelune<\/p><\/li>\n\t\t\t\t\t\t\t\t\t\t\t\t\t\t-->\n\t\t\t\t\t\t\t\t                        \t<li><p>250 g<\/p><\/li>\n\t\t\t\t\t\t\t\t\t\t\t\t\t\t\t                        \t<li><p>Pr\u00eat en 5 minutes<\/p><\/li>\n\t\t\t\t\t\t\t\t                    <\/ul>\n\t\t\t\t\t\t\t                <\/div>\n\t            <\/div>\n\t        <\/div>\n\t    <\/div>\n\t\t\t<\/div>\n\n\t<script>\n\t\tjQuery(function() {\n\t\t\t\/\/open pasta if url param is set\n\t\t\tvar urlparam = getParameterByName('id');\n\t\t\tif(urlparam != null){\n\t\t\t\tjQuery('#highlights').insertAfter('#pasta_'+urlparam);\n\t\t\t\tx = $('#pasta_'+urlparam).offset().top;\n\t\t\t\tx = x-30;\n\t\t\t\tjQuery('html, body').animate({\n\t\t\t        scrollTop: x\n\t\t\t    }, 2000);\n\t\t\t}\n\t\t});\n\t<\/script>\n\n\t<div class=\"container\">\n\n\t\n    <div class=\"topSpace-medium\"><\/div>\n    \n","protected":false},"excerpt":{"rendered":"<p>DES P\u00c2TES DE GRANDE QUALIT\u00c9<\/p>\n","protected":false},"author":1,"featured_media":0,"parent":0,"menu_order":10,"comment_status":"closed","ping_status":"closed","template":"","meta":{"footnotes":""},"class_list":["post-20","page","type-page","status-publish","hentry"],"yoast_head":"<!-- This site is optimized with the Yoast SEO plugin v26.3 - https:\/\/yoast.com\/wordpress\/plugins\/seo\/ -->\n<title>Des p\u00e2tes - Nonna Blanca<\/title>\n<meta name=\"robots\" content=\"index, follow, max-snippet:-1, max-image-preview:large, max-video-preview:-1\" \/>\n<link rel=\"canonical\" href=\"https:\/\/nonnablanca.com\/fr\/des-pates\/\" \/>\n<meta property=\"og:locale\" content=\"fr_FR\" \/>\n<meta property=\"og:type\" content=\"article\" \/>\n<meta property=\"og:title\" content=\"Des p\u00e2tes - Nonna Blanca\" \/>\n<meta property=\"og:description\" content=\"DES P\u00c2TES DE GRANDE QUALIT\u00c9\" \/>\n<meta property=\"og:url\" content=\"https:\/\/nonnablanca.com\/fr\/des-pates\/\" \/>\n<meta property=\"og:site_name\" content=\"Nonna Blanca\" \/>\n<meta property=\"article:modified_time\" content=\"2018-02-01T07:24:27+00:00\" \/>\n<meta name=\"twitter:card\" content=\"summary_large_image\" \/>\n<script type=\"application\/ld+json\" class=\"yoast-schema-graph\">{\"@context\":\"https:\/\/schema.org\",\"@graph\":[{\"@type\":\"WebPage\",\"@id\":\"https:\/\/nonnablanca.com\/fr\/des-pates\/\",\"url\":\"https:\/\/nonnablanca.com\/fr\/des-pates\/\",\"name\":\"Des p\u00e2tes - Nonna Blanca\",\"isPartOf\":{\"@id\":\"https:\/\/nonnablanca.com\/fr\/#website\"},\"datePublished\":\"2018-01-30T13:07:07+00:00\",\"dateModified\":\"2018-02-01T07:24:27+00:00\",\"breadcrumb\":{\"@id\":\"https:\/\/nonnablanca.com\/fr\/des-pates\/#breadcrumb\"},\"inLanguage\":\"fr-FR\",\"potentialAction\":[{\"@type\":\"ReadAction\",\"target\":[\"https:\/\/nonnablanca.com\/fr\/des-pates\/\"]}]},{\"@type\":\"BreadcrumbList\",\"@id\":\"https:\/\/nonnablanca.com\/fr\/des-pates\/#breadcrumb\",\"itemListElement\":[{\"@type\":\"ListItem\",\"position\":1,\"name\":\"Startseite\",\"item\":\"https:\/\/nonnablanca.com\/fr\/\"},{\"@type\":\"ListItem\",\"position\":2,\"name\":\"Des p\u00e2tes\"}]},{\"@type\":\"WebSite\",\"@id\":\"https:\/\/nonnablanca.com\/fr\/#website\",\"url\":\"https:\/\/nonnablanca.com\/fr\/\",\"name\":\"Nonna Blanca\",\"description\":\"\",\"potentialAction\":[{\"@type\":\"SearchAction\",\"target\":{\"@type\":\"EntryPoint\",\"urlTemplate\":\"https:\/\/nonnablanca.com\/fr\/?s={search_term_string}\"},\"query-input\":{\"@type\":\"PropertyValueSpecification\",\"valueRequired\":true,\"valueName\":\"search_term_string\"}}],\"inLanguage\":\"fr-FR\"}]}<\/script>\n<!-- \/ Yoast SEO plugin. -->","yoast_head_json":{"title":"Des p\u00e2tes - Nonna Blanca","robots":{"index":"index","follow":"follow","max-snippet":"max-snippet:-1","max-image-preview":"max-image-preview:large","max-video-preview":"max-video-preview:-1"},"canonical":"https:\/\/nonnablanca.com\/fr\/des-pates\/","og_locale":"fr_FR","og_type":"article","og_title":"Des p\u00e2tes - Nonna Blanca","og_description":"DES P\u00c2TES DE GRANDE QUALIT\u00c9","og_url":"https:\/\/nonnablanca.com\/fr\/des-pates\/","og_site_name":"Nonna Blanca","article_modified_time":"2018-02-01T07:24:27+00:00","twitter_card":"summary_large_image","schema":{"@context":"https:\/\/schema.org","@graph":[{"@type":"WebPage","@id":"https:\/\/nonnablanca.com\/fr\/des-pates\/","url":"https:\/\/nonnablanca.com\/fr\/des-pates\/","name":"Des p\u00e2tes - Nonna Blanca","isPartOf":{"@id":"https:\/\/nonnablanca.com\/fr\/#website"},"datePublished":"2018-01-30T13:07:07+00:00","dateModified":"2018-02-01T07:24:27+00:00","breadcrumb":{"@id":"https:\/\/nonnablanca.com\/fr\/des-pates\/#breadcrumb"},"inLanguage":"fr-FR","potentialAction":[{"@type":"ReadAction","target":["https:\/\/nonnablanca.com\/fr\/des-pates\/"]}]},{"@type":"BreadcrumbList","@id":"https:\/\/nonnablanca.com\/fr\/des-pates\/#breadcrumb","itemListElement":[{"@type":"ListItem","position":1,"name":"Startseite","item":"https:\/\/nonnablanca.com\/fr\/"},{"@type":"ListItem","position":2,"name":"Des p\u00e2tes"}]},{"@type":"WebSite","@id":"https:\/\/nonnablanca.com\/fr\/#website","url":"https:\/\/nonnablanca.com\/fr\/","name":"Nonna Blanca","description":"","potentialAction":[{"@type":"SearchAction","target":{"@type":"EntryPoint","urlTemplate":"https:\/\/nonnablanca.com\/fr\/?s={search_term_string}"},"query-input":{"@type":"PropertyValueSpecification","valueRequired":true,"valueName":"search_term_string"}}],"inLanguage":"fr-FR"}]}},"_links":{"self":[{"href":"https:\/\/nonnablanca.com\/fr\/wp-json\/wp\/v2\/pages\/20","targetHints":{"allow":["GET"]}}],"collection":[{"href":"https:\/\/nonnablanca.com\/fr\/wp-json\/wp\/v2\/pages"}],"about":[{"href":"https:\/\/nonnablanca.com\/fr\/wp-json\/wp\/v2\/types\/page"}],"author":[{"embeddable":true,"href":"https:\/\/nonnablanca.com\/fr\/wp-json\/wp\/v2\/users\/1"}],"replies":[{"embeddable":true,"href":"https:\/\/nonnablanca.com\/fr\/wp-json\/wp\/v2\/comments?post=20"}],"version-history":[{"count":5,"href":"https:\/\/nonnablanca.com\/fr\/wp-json\/wp\/v2\/pages\/20\/revisions"}],"predecessor-version":[{"id":138,"href":"https:\/\/nonnablanca.com\/fr\/wp-json\/wp\/v2\/pages\/20\/revisions\/138"}],"wp:attachment":[{"href":"https:\/\/nonnablanca.com\/fr\/wp-json\/wp\/v2\/media?parent=20"}],"curies":[{"name":"wp","href":"https:\/\/api.w.org\/{rel}","templated":true}]}}