







{"id":22,"date":"2018-01-30T14:07:57","date_gmt":"2018-01-30T13:07:57","guid":{"rendered":"http:\/\/nonnablanca.wp.dev.seaio\/fr\/fertiggerichte\/"},"modified":"2018-02-01T08:25:02","modified_gmt":"2018-02-01T07:25:02","slug":"des-plats-cuisines","status":"publish","type":"page","link":"https:\/\/nonnablanca.com\/fr\/des-plats-cuisines\/","title":{"rendered":"Des plats cuisin\u00e9s"},"content":{"rendered":"<h1 style=\"text-align: center;\">DES PLATS CUISIN\u00c9 RAPIDES<\/h1>\n\t<\/div>\n\t\t<div class=\"columns is-multiline is-gapless\">\n\t\t\t\t\t\t\t<div id=\"fertiggericht_55\" class=\"column is-12 hasBackgroundFG topSpace-medium\">\n\t\t\t        <div class=\"container\">\n\t\t\t            <div class=\"columns is-gapless\">\n\t\t\t\t\t\t\t<div class=\"column is-3\"><\/div>\n\t\t\t\t\t\t\t<div class=\"column is-4 is-right prodImage\"><img decoding=\"async\" class=\"fertiggerichtProdImg\" src=\"https:\/\/nonnablanca.com\/fr\/wp-content\/uploads\/sites\/2\/Fertiggericht_Visual_Spaghetti-Bolognese1.png\"><\/div>\n\t\t\t                <div class=\"column is-4\">\n\t\t\t                    <div class=\"name text-uppercase\">Spaghettis Bolognaise<\/div>\n\t\t\t                    <div class=\"adjectives\">Aussi d\u00e9licieux que ceux de votre grand-m\u00e8re, ces spaghettis bolognaise (la recette italienne classique par excellence\u00a0!) sont pr\u00eats en quelques minutes.<\/div>\n\t\t\t                    <div class=\"description\"><p class=\"p1\">Les p\u00e2tes, pr\u00e9par\u00e9es selon la recette originale, et la sauce particuli\u00e8rement g\u00e9n\u00e9reuse en viande, relev\u00e9e avec des herbes, sont la promesse d\u2019un succulent repas.<\/p><\/div>\n\t\t\t                    <ul class=\"info\">\n\t\t\t\t\t\t\t\t\t<!--\n\t\t\t\t\t\t\t\t\t\t\t\t\t\t\t\t\t\t\t<li><p class=\"text-uppercase\">Plats cuisin\u00e9s<\/p><\/li>\n\t\t\t\t\t\t\t\t\t\t\t\t\t\t\t\t\t\t-->\n\t\t\t\t\t\t\t\t\t\t\t\t                        \t<li><p>350 g<\/p><\/li>\n\t\t\t\t\t\t\t\t\t\t\t\t\t\t\t\t\t\t\t\t\t                        \t<li><p>pr\u00e9paracion en 5 \u00e0 6 minutes au four \u00e0 micro-ondes ou dans une po\u00eale<\/p><\/li>\n\t\t\t\t\t\t\t\t\t\t\t\t                    <\/ul>\n\t\t\t                <\/div>\n\t\t\t            <\/div>\n\t\t\t        <\/div>\n\t\t\t\t<\/div>\n\t\t\t\t\t\t\t<div id=\"fertiggericht_63\" class=\"column is-12 hasBackgroundFG topSpace-medium\">\n\t\t\t        <div class=\"container\">\n\t\t\t            <div class=\"columns is-gapless\">\n\t\t\t\t\t\t\t<div class=\"column is-3\"><\/div>\n\t\t\t\t\t\t\t<div class=\"column is-4 is-right prodImage\"><img decoding=\"async\" class=\"fertiggerichtProdImg\" src=\"https:\/\/nonnablanca.com\/fr\/wp-content\/uploads\/sites\/2\/Fertiggericht_Visual_Sorprese-Verdura.png\"><\/div>\n\t\t\t                <div class=\"column is-4\">\n\t\t\t                    <div class=\"name text-uppercase\">Pasta verdura<\/div>\n\t\t\t                    <div class=\"adjectives\">Ce plat associe une forme de p\u00e2tes particuli\u00e8re \u00e0 un floril\u00e8ge de l\u00e9gumes croquants. Une v\u00e9ritable \u00ab\u00a0sorprese verdura\u00a0\u00bb en somme\u00a0!<\/div>\n\t\t\t                    <div class=\"description\"><p class=\"p1\">Un quatuor naturel\u00a0(courgettes, carottes, poivrons et oignons) se charge d\u2019y apporter de la fra\u00eecheur et de la couleur.<\/p><\/div>\n\t\t\t                    <ul class=\"info\">\n\t\t\t\t\t\t\t\t\t<!--\n\t\t\t\t\t\t\t\t\t\t\t\t\t\t\t\t\t\t\t<li><p class=\"text-uppercase\">Plats cuisin\u00e9s<\/p><\/li>\n\t\t\t\t\t\t\t\t\t\t\t\t\t\t\t\t\t\t-->\n\t\t\t\t\t\t\t\t\t\t\t\t                        \t<li><p>350 g<\/p><\/li>\n\t\t\t\t\t\t\t\t\t\t\t\t\t\t\t\t\t\t\t\t\t                        \t<li><p>Pr\u00e9paration en 5 \u00e0 6\u00a0minutes au four \u00e0 micro-ondes ou dans une po\u00eale<\/p><\/li>\n\t\t\t\t\t\t\t\t\t\t\t\t                    <\/ul>\n\t\t\t                <\/div>\n\t\t\t            <\/div>\n\t\t\t        <\/div>\n\t\t\t\t<\/div>\n\t\t\t\t\t\t\t<div id=\"fertiggericht_65\" class=\"column is-12 hasBackgroundFG topSpace-medium\">\n\t\t\t        <div class=\"container\">\n\t\t\t            <div class=\"columns is-gapless\">\n\t\t\t\t\t\t\t<div class=\"column is-3\"><\/div>\n\t\t\t\t\t\t\t<div class=\"column is-4 is-right prodImage\"><img decoding=\"async\" class=\"fertiggerichtProdImg\" src=\"https:\/\/nonnablanca.com\/fr\/wp-content\/uploads\/sites\/2\/Fertiggericht_Visual_Tagliatelle_Carbonara1.png\"><\/div>\n\t\t\t                <div class=\"column is-4\">\n\t\t\t                    <div class=\"name text-uppercase\">Tagliatelles \u00e0 la carbonara<\/div>\n\t\t\t                    <div class=\"adjectives\">Ces d\u00e9licieuses tagliatelles aux \u0153ufs agr\u00e9ment\u00e9es d\u2019une sauce \u00e0 la cr\u00e8me et de d\u00e9s de lard juteux sont toujours un excellent choix\u00a0!<\/div>\n\t\t\t                    <div class=\"description\"><p class=\"p1\">Les oignons et l\u2019assaisonnement en font un plat divinement bon. Enfin, les p\u00e2tes cuites al dente contribuent \u00e0 cr\u00e9er un repas parfait.<\/p><\/div>\n\t\t\t                    <ul class=\"info\">\n\t\t\t\t\t\t\t\t\t<!--\n\t\t\t\t\t\t\t\t\t\t\t\t\t\t\t\t\t\t\t<li><p class=\"text-uppercase\">Plats cuisin\u00e9s<\/p><\/li>\n\t\t\t\t\t\t\t\t\t\t\t\t\t\t\t\t\t\t-->\n\t\t\t\t\t\t\t\t\t\t\t\t                        \t<li><p>350 g<\/p><\/li>\n\t\t\t\t\t\t\t\t\t\t\t\t\t\t\t\t\t\t\t\t\t                        \t<li><p>Pr\u00e9paration en 5 \u00e0 6\u00a0minutes au four \u00e0 micro-ondes ou dans une po\u00eale<\/p><\/li>\n\t\t\t\t\t\t\t\t\t\t\t\t                    <\/ul>\n\t\t\t                <\/div>\n\t\t\t            <\/div>\n\t\t\t        <\/div>\n\t\t\t\t<\/div>\n\t\t\t\t\t<\/div>\n\n\t\t<script>\n\t\t\tjQuery(function() {\n\t\t\t\t\/\/scroll to fertiggericht\n\t\t\t\tvar urlparam = getParameterByName('id');\n\t\t\t\tif(urlparam != null){\n\t\t\t\t\tjQuery('html, body').animate({\n\t\t\t\t        scrollTop: $('#fertiggericht_'+urlparam).offset().top\n\t\t\t\t    }, 2000);\n\t\t\t\t}\n\t\t\t});\n\t\t<\/script>\n\n\t\t<div class=\"container\">\n\t\t\n    <div class=\"topSpace-big\"><\/div>\n    \n","protected":false},"excerpt":{"rendered":"<p>DES PLATS CUISIN\u00c9 RAPIDES<\/p>\n","protected":false},"author":1,"featured_media":0,"parent":0,"menu_order":20,"comment_status":"closed","ping_status":"closed","template":"","meta":{"footnotes":""},"class_list":["post-22","page","type-page","status-publish","hentry"],"yoast_head":"<!-- This site is optimized with the Yoast SEO plugin v26.3 - https:\/\/yoast.com\/wordpress\/plugins\/seo\/ -->\n<title>Des plats cuisin\u00e9s - Nonna Blanca<\/title>\n<meta name=\"robots\" content=\"index, follow, max-snippet:-1, max-image-preview:large, max-video-preview:-1\" \/>\n<link rel=\"canonical\" href=\"https:\/\/nonnablanca.com\/fr\/des-plats-cuisines\/\" \/>\n<meta property=\"og:locale\" content=\"fr_FR\" \/>\n<meta property=\"og:type\" content=\"article\" \/>\n<meta property=\"og:title\" content=\"Des plats cuisin\u00e9s - Nonna Blanca\" \/>\n<meta property=\"og:description\" content=\"DES PLATS CUISIN\u00c9 RAPIDES\" \/>\n<meta property=\"og:url\" content=\"https:\/\/nonnablanca.com\/fr\/des-plats-cuisines\/\" \/>\n<meta property=\"og:site_name\" content=\"Nonna Blanca\" \/>\n<meta property=\"article:modified_time\" content=\"2018-02-01T07:25:02+00:00\" \/>\n<meta name=\"twitter:card\" content=\"summary_large_image\" \/>\n<script type=\"application\/ld+json\" class=\"yoast-schema-graph\">{\"@context\":\"https:\/\/schema.org\",\"@graph\":[{\"@type\":\"WebPage\",\"@id\":\"https:\/\/nonnablanca.com\/fr\/des-plats-cuisines\/\",\"url\":\"https:\/\/nonnablanca.com\/fr\/des-plats-cuisines\/\",\"name\":\"Des plats cuisin\u00e9s - Nonna Blanca\",\"isPartOf\":{\"@id\":\"https:\/\/nonnablanca.com\/fr\/#website\"},\"datePublished\":\"2018-01-30T13:07:57+00:00\",\"dateModified\":\"2018-02-01T07:25:02+00:00\",\"breadcrumb\":{\"@id\":\"https:\/\/nonnablanca.com\/fr\/des-plats-cuisines\/#breadcrumb\"},\"inLanguage\":\"fr-FR\",\"potentialAction\":[{\"@type\":\"ReadAction\",\"target\":[\"https:\/\/nonnablanca.com\/fr\/des-plats-cuisines\/\"]}]},{\"@type\":\"BreadcrumbList\",\"@id\":\"https:\/\/nonnablanca.com\/fr\/des-plats-cuisines\/#breadcrumb\",\"itemListElement\":[{\"@type\":\"ListItem\",\"position\":1,\"name\":\"Startseite\",\"item\":\"https:\/\/nonnablanca.com\/fr\/\"},{\"@type\":\"ListItem\",\"position\":2,\"name\":\"Des plats cuisin\u00e9s\"}]},{\"@type\":\"WebSite\",\"@id\":\"https:\/\/nonnablanca.com\/fr\/#website\",\"url\":\"https:\/\/nonnablanca.com\/fr\/\",\"name\":\"Nonna Blanca\",\"description\":\"\",\"potentialAction\":[{\"@type\":\"SearchAction\",\"target\":{\"@type\":\"EntryPoint\",\"urlTemplate\":\"https:\/\/nonnablanca.com\/fr\/?s={search_term_string}\"},\"query-input\":{\"@type\":\"PropertyValueSpecification\",\"valueRequired\":true,\"valueName\":\"search_term_string\"}}],\"inLanguage\":\"fr-FR\"}]}<\/script>\n<!-- \/ Yoast SEO plugin. -->","yoast_head_json":{"title":"Des plats cuisin\u00e9s - Nonna Blanca","robots":{"index":"index","follow":"follow","max-snippet":"max-snippet:-1","max-image-preview":"max-image-preview:large","max-video-preview":"max-video-preview:-1"},"canonical":"https:\/\/nonnablanca.com\/fr\/des-plats-cuisines\/","og_locale":"fr_FR","og_type":"article","og_title":"Des plats cuisin\u00e9s - Nonna Blanca","og_description":"DES PLATS CUISIN\u00c9 RAPIDES","og_url":"https:\/\/nonnablanca.com\/fr\/des-plats-cuisines\/","og_site_name":"Nonna Blanca","article_modified_time":"2018-02-01T07:25:02+00:00","twitter_card":"summary_large_image","schema":{"@context":"https:\/\/schema.org","@graph":[{"@type":"WebPage","@id":"https:\/\/nonnablanca.com\/fr\/des-plats-cuisines\/","url":"https:\/\/nonnablanca.com\/fr\/des-plats-cuisines\/","name":"Des plats cuisin\u00e9s - Nonna Blanca","isPartOf":{"@id":"https:\/\/nonnablanca.com\/fr\/#website"},"datePublished":"2018-01-30T13:07:57+00:00","dateModified":"2018-02-01T07:25:02+00:00","breadcrumb":{"@id":"https:\/\/nonnablanca.com\/fr\/des-plats-cuisines\/#breadcrumb"},"inLanguage":"fr-FR","potentialAction":[{"@type":"ReadAction","target":["https:\/\/nonnablanca.com\/fr\/des-plats-cuisines\/"]}]},{"@type":"BreadcrumbList","@id":"https:\/\/nonnablanca.com\/fr\/des-plats-cuisines\/#breadcrumb","itemListElement":[{"@type":"ListItem","position":1,"name":"Startseite","item":"https:\/\/nonnablanca.com\/fr\/"},{"@type":"ListItem","position":2,"name":"Des plats cuisin\u00e9s"}]},{"@type":"WebSite","@id":"https:\/\/nonnablanca.com\/fr\/#website","url":"https:\/\/nonnablanca.com\/fr\/","name":"Nonna Blanca","description":"","potentialAction":[{"@type":"SearchAction","target":{"@type":"EntryPoint","urlTemplate":"https:\/\/nonnablanca.com\/fr\/?s={search_term_string}"},"query-input":{"@type":"PropertyValueSpecification","valueRequired":true,"valueName":"search_term_string"}}],"inLanguage":"fr-FR"}]}},"_links":{"self":[{"href":"https:\/\/nonnablanca.com\/fr\/wp-json\/wp\/v2\/pages\/22","targetHints":{"allow":["GET"]}}],"collection":[{"href":"https:\/\/nonnablanca.com\/fr\/wp-json\/wp\/v2\/pages"}],"about":[{"href":"https:\/\/nonnablanca.com\/fr\/wp-json\/wp\/v2\/types\/page"}],"author":[{"embeddable":true,"href":"https:\/\/nonnablanca.com\/fr\/wp-json\/wp\/v2\/users\/1"}],"replies":[{"embeddable":true,"href":"https:\/\/nonnablanca.com\/fr\/wp-json\/wp\/v2\/comments?post=22"}],"version-history":[{"count":3,"href":"https:\/\/nonnablanca.com\/fr\/wp-json\/wp\/v2\/pages\/22\/revisions"}],"predecessor-version":[{"id":139,"href":"https:\/\/nonnablanca.com\/fr\/wp-json\/wp\/v2\/pages\/22\/revisions\/139"}],"wp:attachment":[{"href":"https:\/\/nonnablanca.com\/fr\/wp-json\/wp\/v2\/media?parent=22"}],"curies":[{"name":"wp","href":"https:\/\/api.w.org\/{rel}","templated":true}]}}