







{"id":28,"date":"2018-01-30T14:09:22","date_gmt":"2018-01-30T13:09:22","guid":{"rendered":"http:\/\/nonnablanca.wp.dev.seaio\/fr\/story\/"},"modified":"2018-02-01T08:32:07","modified_gmt":"2018-02-01T07:32:07","slug":"une-histoire","status":"publish","type":"page","link":"https:\/\/nonnablanca.com\/fr\/une-histoire\/","title":{"rendered":"Une histoire"},"content":{"rendered":"\n    <style type=\"text\/css\">\n        .storytextBg{\n            background: #fde5d8;\n            background: rgba(253,229,216,1);\n            display: inline;\n            padding: 1px;\n        }\n        p{\n            font-size: 17px;\n        }\n\n        .h_1-1{ height: 200px; }\n        .h_1-2{ height: 30px; }\n        .h_1-3{ height: 200px; }\n        .h_1-4{ height: 30px; }\n        .h_2-1{ height: 325px; }\n        .h_img2{ background-position: center 50px; }\n        .h_img3{ background-position: center 80px; }\n        .h_80{ height: 80px; }\n        @media screen and (max-width: 768px){\n            .h_1-1{ height: 190px; }\n            .h_1-3{ height: 185px; }\n            .h_1-4{ height: 30px; }\n            .h_2-1{ height: 285px; }\n            .h_80{ height: 60px; }\n        }\n        @media screen and (max-width: 480px){\n            .story-bg1 {background-position: center 19% !important;}\n\t\t\t.h_1-1{ height: 0px; }\n            .h_1-2{ height: 350px; }\n            .h_1-3{ height: 30px; }\n            .h_1-4{ height: 30px; }\n            .h_2-1{ height: 225px; }\n            .h_img2{ background-position: center 30%; }\n            .h_80{ height: 40px; }\n\t\t\t.story-enkel-img {margin:10px 0 10px !important;}\n        }\n    <\/style>\n    <div style=\"text-align: center; max-width: 795px; margin: 0 auto;\">\n\n        \n            <h1>NONNA BLANCA \u2013 UNE HISTOIRE PASSIONNANTE<\/h1>\n            <h4>Une femme forte et son entreprise familiale<\/h4>\n\n            <p style=\"height: 20px;\"><\/p>\n\n            <div class=\"story-bg1\" style=\"background-image:url('https:\/\/nonnablanca.com\/fr\/wp-content\/themes\/nonnablanca\/assets\/images\/story1.jpg'); background-size: contain; background-repeat: no-repeat; background-position: center top;\">\n                <p class=\"h_1-1\"><\/p>\n                <p><span class=\"storytextBg\">Que signifie \u00ab&nbsp;nonna&nbsp;\u00bb et qui est \u00ab&nbsp;Blanca&nbsp;\u00bb ? \u2013 Vous aussi, vous vous \u00eates pos\u00e9 ces questions lorsque vous avez eu les p\u00e2tes Nonna Blanca entre les mains ? \u2013 Disons-le tout de suite&nbsp;: ces p\u00e2tes n\u2019ont rien \u00e0 voir avec les nonnes.<\/span><\/p>\n                <p class=\"h_1-2\"><\/p>\n                <p><span class=\"storytextBg\">Nonna (grand-m\u00e8re en italien) et Blanca (pr\u00e9nom espagnol) sont un hommage \u00e0 Blanca Ospelt, une remarquable chef d\u2019entreprise. Sa vie refl\u00e8te les valeurs de notre marque.<\/span><\/p>\n                <p class=\"h_1-3\"><\/p>\n                <p><span class=\"storytextBg\">Blanca Ospelt est une grand-m\u00e8re aussi affectueuse qu\u2019elle a \u00e9t\u00e9 une entrepreneuse engag\u00e9e et brillante. Son histoire avec les p\u00e2tes d\u00e9bute peu apr\u00e8s son mariage en 1958&nbsp;: tout juste mari\u00e9e, elle reprend avec son mari la boucherie du village appartenant \u00e0 ses parents dans la jolie principaut\u00e9 du Liechtenstein. Lors de son voyage de noces \u00e0 Rome, elle se d\u00e9couvre une passion pour la cuisine italienne. Jamais elle n\u2019aurait imagin\u00e9 cr\u00e9er un jour sa propre marque de p\u00e2tes.<\/span><\/p>\n                <p style=\"height: 30px;\"><\/p>\n                <p><span class=\"storytextBg\">Peu \u00e0 peu, le couple d\u2019entrepreneurs d\u00e9veloppe de nouvelles activit\u00e9s, dont certaines consacr\u00e9es \u00e0 la production de p\u00e2tes de qualit\u00e9, avec toujours une id\u00e9e en t\u00eate&nbsp;: proposer des aliments qui apportent de la joie et qui correspondent au mode de vie de la soci\u00e9t\u00e9 moderne.<\/span><\/p>\n                <p class=\"h_1-4\"><\/p>\n            <\/div>\n\n\n            <div class=\"h_img2\" style=\"background-image:url('https:\/\/nonnablanca.com\/fr\/wp-content\/themes\/nonnablanca\/assets\/images\/story2.jpg'); background-size: contain; background-repeat: no-repeat;\">\n                <p><span class=\"storytextBg\">Malgr\u00e9 son immense investissement professionnel, Nonna Blanca a toujours tenu \u00e0 r\u00e9unir toute la famille autour de la table. Ce ne sont pas tant les assiettes vides qui sont sa plus grande r\u00e9compense, mais plut\u00f4t les c\u0153urs remplis de joie de sa famille, en particulier de ses quatre petits-enfants.<\/span><\/p>\n                <p class=\"h_2-1\"><\/p>\n                <p><span class=\"storytextBg\">Aujourd\u2019hui, Nonna Blanca vous invite \u00e0 d\u00e9guster ses cr\u00e9ations compos\u00e9es d\u2019ingr\u00e9dients de choix envelopp\u00e9s d\u2019une fine p\u00e2te r\u00e9alis\u00e9e selon le savoir-faire italien. Avec ces p\u00e2tes, nous souhaitons vous offrir un peu du plaisir et des \u00e9motions positives qui vous relient \u00e0 votre \u00ab&nbsp;nonna&nbsp;\u00bb.<\/span><\/p>\n\t\t\t\t<p style=\"height: 30px;\"><\/p>\n\t\t\t\t<p><span class=\"storytextBg\">La signature personnelle de Blanca Ospelt se savoure \u00e0 chaque bouch\u00e9e, mariant les d\u00e9lices d\u2019antan au meilleur de la modernit\u00e9. C\u2019est aussi une c\u00e9l\u00e9bration de ce qui compte le plus \u00e0 chaque repas&nbsp;: la passion et le plaisir \u2013 que vous d\u00e9gustiez les p\u00e2tes Nonna Blanca seule, en famille ou entre amis.<\/span><\/p>\n                <p class=\"h_80\"><\/p>\n            <\/div>\n\n            <p style=\"height: 20px;\"><\/p>\n\n            <p><span class=\"button2\" style=\"cursor: default; margin-bottom: 20px;\">Montrez-nous votre repas de f\u00eates r\u00e9alis\u00e9 avec les p\u00e2tes Nonna Blanca!<\/span><\/p>\n                <div style=\"text-align: center;\">\n        <a class=\"smLink\" href=\"https:\/\/www.instagram.com\/nonnablanca\/\" target=\"_blank\"><img decoding=\"async\" src=\"https:\/\/nonnablanca.com\/fr\/wp-content\/themes\/nonnablanca\/assets\/images\/icon_instagramSmall.jpg\" alt=\"Logo Instagram\"\/>via Instagram<\/a>\n        <a class=\"smLink\" href=\"https:\/\/www.facebook.com\/Nonna-Blanca-253447888526437\" target=\"_blank\"><img decoding=\"async\" src=\"https:\/\/nonnablanca.com\/fr\/wp-content\/themes\/nonnablanca\/assets\/images\/icon_facebookSmall.jpg\" alt=\"Logo Facebook\"\/>via Facebook<\/a>\n        <\/div>\n    \n            <p  class=\"h_80\"><\/p>\n\n            <p><span class=\"storytextBg\">Petit-fils Philipp et Martin \u00e0 propos de leur nonna<\/span><\/p>\n            <h4><em><strong><span class=\"storytextBg\">\u00abNous \u00e9tions toujours impatients de passer \u00e0 table\u00bb<\/strong><\/em><\/h4>\n            <p><span class=\"storytextBg\">Pour notre nonna (grand-m\u00e8re), il \u00e9tait tr\u00e8s important que toute la famille mange ensemble et passe du temps ensemble. Lorsqu\u2019elle \u00e9tait en cuisine avec neni (grand-p\u00e8re), le repas \u00e9tait toujours succulent. Elle aimait par-dessus tout les plats tr\u00e8s frais et bien relev\u00e9s.<\/span><\/p>\n            <div class=\"story-enkel-img\" style=\"margin: -20px 0 -20px; position: relative; z-index: -1;\"><img decoding=\"async\" style=\"max-width: 70%;\" src=\"https:\/\/nonnablanca.com\/fr\/wp-content\/themes\/nonnablanca\/assets\/images\/story3.jpg\" \/><\/div>\n\n            <p><span class=\"storytextBg\">Petite-fille Bianca et petit-fils Carlo \u00e0 propos de leur nonna<\/span><\/p>\n            <h4><em><strong><span class=\"storytextBg\">\u00abNonna Blanca \u00e9tait toujours \u00e0 l\u2019\u00e9coute\u00bb<\/strong><\/em><\/h4>\n            <p><span class=\"storytextBg\">Comme nonna et neni d\u00e9veloppaient leur entreprise \u00e0 toute allure, il y avait souvent de l\u2019ambiance dans notre famille. Mais nonna Blanca \u00e9tait toujours garante de la stabilit\u00e9 et restait \u00e0 notre \u00e9coute. Nous l\u2019adorons pour cela et pour sa d\u00e9licieuse cuisine.<\/span><\/p>\n\n            <p style=\"height: 50px;\"><\/p>\n\n            <p><span class=\"button2\" style=\"cursor: default; margin-bottom: 20px;\">Vous aimeriez nous raconter votre histoire avec votre nonna, tout simplement parce que vous l\u2019adorez?<\/span><\/p>\n                <div style=\"text-align: center;\">\n        <a class=\"smLink\" href=\"https:\/\/www.instagram.com\/nonnablanca\/\" target=\"_blank\"><img decoding=\"async\" src=\"https:\/\/nonnablanca.com\/fr\/wp-content\/themes\/nonnablanca\/assets\/images\/icon_instagramSmall.jpg\" alt=\"Logo Instagram\"\/>via Instagram<\/a>\n        <a class=\"smLink\" href=\"https:\/\/www.facebook.com\/Nonna-Blanca-253447888526437\" target=\"_blank\"><img decoding=\"async\" src=\"https:\/\/nonnablanca.com\/fr\/wp-content\/themes\/nonnablanca\/assets\/images\/icon_facebookSmall.jpg\" alt=\"Logo Facebook\"\/>via Facebook<\/a>\n        <\/div>\n    \n            <\/div>\n    \n<p>&nbsp;<\/p>\n","protected":false},"excerpt":{"rendered":"<p>&nbsp;<\/p>\n","protected":false},"author":1,"featured_media":0,"parent":0,"menu_order":50,"comment_status":"closed","ping_status":"closed","template":"","meta":{"footnotes":""},"class_list":["post-28","page","type-page","status-publish","hentry"],"yoast_head":"<!-- This site is optimized with the Yoast SEO plugin v26.3 - https:\/\/yoast.com\/wordpress\/plugins\/seo\/ -->\n<title>Une histoire - Nonna Blanca<\/title>\n<meta name=\"robots\" content=\"index, follow, max-snippet:-1, max-image-preview:large, max-video-preview:-1\" \/>\n<link rel=\"canonical\" href=\"https:\/\/nonnablanca.com\/fr\/une-histoire\/\" \/>\n<meta property=\"og:locale\" content=\"fr_FR\" \/>\n<meta property=\"og:type\" content=\"article\" \/>\n<meta property=\"og:title\" content=\"Une histoire - Nonna Blanca\" \/>\n<meta property=\"og:description\" content=\"&nbsp;\" \/>\n<meta property=\"og:url\" content=\"https:\/\/nonnablanca.com\/fr\/une-histoire\/\" \/>\n<meta property=\"og:site_name\" content=\"Nonna Blanca\" \/>\n<meta property=\"article:modified_time\" content=\"2018-02-01T07:32:07+00:00\" \/>\n<meta name=\"twitter:card\" content=\"summary_large_image\" \/>\n<script type=\"application\/ld+json\" class=\"yoast-schema-graph\">{\"@context\":\"https:\/\/schema.org\",\"@graph\":[{\"@type\":\"WebPage\",\"@id\":\"https:\/\/nonnablanca.com\/fr\/une-histoire\/\",\"url\":\"https:\/\/nonnablanca.com\/fr\/une-histoire\/\",\"name\":\"Une histoire - Nonna Blanca\",\"isPartOf\":{\"@id\":\"https:\/\/nonnablanca.com\/fr\/#website\"},\"datePublished\":\"2018-01-30T13:09:22+00:00\",\"dateModified\":\"2018-02-01T07:32:07+00:00\",\"breadcrumb\":{\"@id\":\"https:\/\/nonnablanca.com\/fr\/une-histoire\/#breadcrumb\"},\"inLanguage\":\"fr-FR\",\"potentialAction\":[{\"@type\":\"ReadAction\",\"target\":[\"https:\/\/nonnablanca.com\/fr\/une-histoire\/\"]}]},{\"@type\":\"BreadcrumbList\",\"@id\":\"https:\/\/nonnablanca.com\/fr\/une-histoire\/#breadcrumb\",\"itemListElement\":[{\"@type\":\"ListItem\",\"position\":1,\"name\":\"Startseite\",\"item\":\"https:\/\/nonnablanca.com\/fr\/\"},{\"@type\":\"ListItem\",\"position\":2,\"name\":\"Une histoire\"}]},{\"@type\":\"WebSite\",\"@id\":\"https:\/\/nonnablanca.com\/fr\/#website\",\"url\":\"https:\/\/nonnablanca.com\/fr\/\",\"name\":\"Nonna Blanca\",\"description\":\"\",\"potentialAction\":[{\"@type\":\"SearchAction\",\"target\":{\"@type\":\"EntryPoint\",\"urlTemplate\":\"https:\/\/nonnablanca.com\/fr\/?s={search_term_string}\"},\"query-input\":{\"@type\":\"PropertyValueSpecification\",\"valueRequired\":true,\"valueName\":\"search_term_string\"}}],\"inLanguage\":\"fr-FR\"}]}<\/script>\n<!-- \/ Yoast SEO plugin. -->","yoast_head_json":{"title":"Une histoire - Nonna Blanca","robots":{"index":"index","follow":"follow","max-snippet":"max-snippet:-1","max-image-preview":"max-image-preview:large","max-video-preview":"max-video-preview:-1"},"canonical":"https:\/\/nonnablanca.com\/fr\/une-histoire\/","og_locale":"fr_FR","og_type":"article","og_title":"Une histoire - Nonna Blanca","og_description":"&nbsp;","og_url":"https:\/\/nonnablanca.com\/fr\/une-histoire\/","og_site_name":"Nonna Blanca","article_modified_time":"2018-02-01T07:32:07+00:00","twitter_card":"summary_large_image","schema":{"@context":"https:\/\/schema.org","@graph":[{"@type":"WebPage","@id":"https:\/\/nonnablanca.com\/fr\/une-histoire\/","url":"https:\/\/nonnablanca.com\/fr\/une-histoire\/","name":"Une histoire - Nonna Blanca","isPartOf":{"@id":"https:\/\/nonnablanca.com\/fr\/#website"},"datePublished":"2018-01-30T13:09:22+00:00","dateModified":"2018-02-01T07:32:07+00:00","breadcrumb":{"@id":"https:\/\/nonnablanca.com\/fr\/une-histoire\/#breadcrumb"},"inLanguage":"fr-FR","potentialAction":[{"@type":"ReadAction","target":["https:\/\/nonnablanca.com\/fr\/une-histoire\/"]}]},{"@type":"BreadcrumbList","@id":"https:\/\/nonnablanca.com\/fr\/une-histoire\/#breadcrumb","itemListElement":[{"@type":"ListItem","position":1,"name":"Startseite","item":"https:\/\/nonnablanca.com\/fr\/"},{"@type":"ListItem","position":2,"name":"Une histoire"}]},{"@type":"WebSite","@id":"https:\/\/nonnablanca.com\/fr\/#website","url":"https:\/\/nonnablanca.com\/fr\/","name":"Nonna Blanca","description":"","potentialAction":[{"@type":"SearchAction","target":{"@type":"EntryPoint","urlTemplate":"https:\/\/nonnablanca.com\/fr\/?s={search_term_string}"},"query-input":{"@type":"PropertyValueSpecification","valueRequired":true,"valueName":"search_term_string"}}],"inLanguage":"fr-FR"}]}},"_links":{"self":[{"href":"https:\/\/nonnablanca.com\/fr\/wp-json\/wp\/v2\/pages\/28","targetHints":{"allow":["GET"]}}],"collection":[{"href":"https:\/\/nonnablanca.com\/fr\/wp-json\/wp\/v2\/pages"}],"about":[{"href":"https:\/\/nonnablanca.com\/fr\/wp-json\/wp\/v2\/types\/page"}],"author":[{"embeddable":true,"href":"https:\/\/nonnablanca.com\/fr\/wp-json\/wp\/v2\/users\/1"}],"replies":[{"embeddable":true,"href":"https:\/\/nonnablanca.com\/fr\/wp-json\/wp\/v2\/comments?post=28"}],"version-history":[{"count":2,"href":"https:\/\/nonnablanca.com\/fr\/wp-json\/wp\/v2\/pages\/28\/revisions"}],"predecessor-version":[{"id":146,"href":"https:\/\/nonnablanca.com\/fr\/wp-json\/wp\/v2\/pages\/28\/revisions\/146"}],"wp:attachment":[{"href":"https:\/\/nonnablanca.com\/fr\/wp-json\/wp\/v2\/media?parent=28"}],"curies":[{"name":"wp","href":"https:\/\/api.w.org\/{rel}","templated":true}]}}