







{"id":30,"date":"2018-01-30T14:09:32","date_gmt":"2018-01-30T13:09:32","guid":{"rendered":"http:\/\/nonnablanca.wp.dev.seaio\/fr\/feedback\/"},"modified":"2018-02-20T11:40:33","modified_gmt":"2018-02-20T10:40:33","slug":"des-feed-back","status":"publish","type":"page","link":"https:\/\/nonnablanca.com\/fr\/des-feed-back\/","title":{"rendered":"Des feed-back"},"content":{"rendered":"<h1 style=\"text-align: center\">PARTAGEZ VOS P\u00c2TES !<\/h1>\n<h4 style=\"text-align: center;line-height: 25px\">Vous d\u00e9couvrez Nonna Blanca pour la premi\u00e8re fois en rayon?<br \/>\nVous avez d\u00e9j\u00e0 pr\u00e9par\u00e9 l\u2019une de ses recettes et elle vous a enchant\u00e9?<br \/>\nPartagez votre exp\u00e9rience des p\u00e2tes et des plats cuisin\u00e9s Nonna Blanca.<\/h4>\n<p style=\"text-align: center\"><span style=\"background-color: transparent\">    <div class=\"topSpace-small\"><\/div>\n    <\/span><\/p>\n<p style=\"text-align: center\">    <div style=\"text-align: center;\">\n        <a class=\"smLink\" href=\"https:\/\/www.instagram.com\/nonnablanca\/\" target=\"_blank\"><img decoding=\"async\" src=\"https:\/\/nonnablanca.com\/fr\/wp-content\/themes\/nonnablanca\/assets\/images\/icon_instagramSmall.jpg\" alt=\"Logo Instagram\"\/>via Instagram<\/a>\n        <a class=\"smLink\" href=\"https:\/\/www.facebook.com\/Nonna-Blanca-253447888526437\" target=\"_blank\"><img decoding=\"async\" src=\"https:\/\/nonnablanca.com\/fr\/wp-content\/themes\/nonnablanca\/assets\/images\/icon_facebookSmall.jpg\" alt=\"Logo Facebook\"\/>via Facebook<\/a>\n        <\/div>\n    <\/p>\n    <div class=\"topSpace-medium\"><\/div>\n    \n    <div class=\"topSpace-medium\"><\/div>\n    \n<h1 class=\"p1\" style=\"text-align: center\">CONTACTEZ-NOUS<\/h1>\n    <div class=\"topSpace-small\"><\/div>\n    \n<p class=\"p1\" style=\"text-align: center\">Vous avez des questions sur les produits Nonna Blanca\u00a0?<br \/>\nVous aimeriez tout simplement nous donner un avis sinc\u00e8re\u00a0?<br \/>\nNous nous r\u00e9jouissons de recevoir votre message.<\/p>\n    <div class=\"topSpace-small\"><\/div>\n    \n\n    <script src='https:\/\/www.google.com\/recaptcha\/api.js?hl=fr'><\/script>\n\n    <form method=\"post\" action=\"\/\" class=\"form\" onsubmit=\"sendForm();return false;\">\n        <div class=\"columns is-multiline\">\n            <div class=\"column is-12\">\n                <input id=\"vorname\" name=\"vorname\" class=\"input\" type=\"text\" placeholder=\"Pr\u00e9nom\" \/>\n            <\/div>\n            <div class=\"column is-12\">\n                <input id=\"name\" name=\"name\" class=\"input\" type=\"text\" placeholder=\"Nom\" \/>\n            <\/div>\n            <div class=\"column is-12\">\n                <input id=\"email\" name=\"email\" class=\"input\" type=\"text\" placeholder=\"Adresse e-mail\" \/>\n            <\/div>\n            <div class=\"column is-12\">\n                <textarea id=\"mitteilung\" placeholder=\"Votre message\" class=\"textarea\" rows=\"5\"><\/textarea>\n            <\/div>\n\n            <div class=\"column is-12\">\n                <div class=\"g-recaptcha\" data-sitekey=\"6Lf8vEcUAAAAAP9a-t9sn2ucE7FSN3ZCmO13ofGJ\"><\/div>\n            <\/div>\n\n            <div class=\"column is-12 text-center\">\n                <input id=\"feedbacksendbutton\" class=\"button2\" type=\"submit\" value=\"Envoyer\"\/>\n            <\/div>\n            <div id=\"return\" class=\"formResponse text-center\"><\/div>\n        <\/div>\n    <\/form>\n\n    <script>\n        function sendForm(){\n            jQuery('#return').hide();\n            jQuery('#return').removeClass('formError');\n            jQuery('#return').removeClass('formSuccess');\n            jQuery('#return').html('Le message est en cours d\u2019envoi...');\n            jQuery('#return').fadeIn();\n            if(jQuery('#vorname').val() != '' && jQuery('#name').val() != '' && jQuery('#email').val() != '' && jQuery('#mitteilung').val() != ''){\n                jQuery('#feedbacksendbutton').hide();\n                jQuery.ajax({\n                \turl : '\/wp-admin\/admin-ajax.php',\n                \ttype : 'post',\n                \tdata : {\n                \t\taction : 'feedbackmail',\n                        vorname : jQuery('#vorname').val(),\n                        name : jQuery('#name').val(),\n                        email : jQuery('#email').val(),\n                        mitteilung : jQuery('#mitteilung').val(),\n                        captcha: grecaptcha.getResponse()\n                \t},\n                    success : function( response ) {\n                        console.log(response);\n                        if(response.trim() == 'ok'){\n                            jQuery('#return').removeClass('formError');\n                            jQuery('#return').addClass('formSuccess');\n                            jQuery('#return').html('Votre message a bien \u00e9t\u00e9 envoy\u00e9.');\n                            jQuery('#return').fadeIn();\n                        }\n                        else{\n                            jQuery('#return').removeClass('formSuccess');\n                            jQuery('#return').addClass('formError');\n                            if(response.trim() == 'captchaerror'){\n                                jQuery('#return').html('S\\'il vous pla\u00eet confirmer que vous n\\'\u00eates pas un robot.');\n                                jQuery('#feedbacksendbutton').fadeIn();\n                            }\n                            else{\n                                jQuery('#return').html('Nous sommes d\u00e9sol\u00e9s, une erreur est survenue lors de l\u2019envoi du message.');\n                            }\n                            jQuery('#return').fadeIn();\n                        }\n                    },\n                    error : function (){\n                        jQuery('#return').removeClass('formSuccess');\n                        jQuery('#return').addClass('formError');\n                        jQuery('#return').html('Nous sommes d\u00e9sol\u00e9s, une erreur est survenue lors de l\u2019envoi du message.');\n                        jQuery('#return').fadeIn();\n                    }\n                });\n            }\n            else{\n                jQuery('#return').removeClass('formSuccess');\n                jQuery('#return').addClass('formError');\n                jQuery('#return').html('Veuillez remplir tous les champs.');\n                jQuery('#return').fadeIn();\n            }\n            return false;\n        }\n    <\/script>\n\n\n    \n    <div class=\"topSpace-medium\"><\/div>\n    \n","protected":false},"excerpt":{"rendered":"<p>PARTAGEZ VOS P\u00c2TES ! Vous d\u00e9couvrez Nonna Blanca pour la premi\u00e8re fois en rayon? Vous avez d\u00e9j\u00e0 pr\u00e9par\u00e9 l\u2019une de ses recettes et elle vous a enchant\u00e9? Partagez votre exp\u00e9rience des p\u00e2tes et des plats cuisin\u00e9s Nonna Blanca. CONTACTEZ-NOUS Vous avez des questions sur les produits Nonna Blanca\u00a0? Vous aimeriez tout simplement nous donner un [&hellip;]<\/p>\n","protected":false},"author":1,"featured_media":0,"parent":0,"menu_order":60,"comment_status":"closed","ping_status":"closed","template":"","meta":{"footnotes":""},"class_list":["post-30","page","type-page","status-publish","hentry"],"yoast_head":"<!-- This site is optimized with the Yoast SEO plugin v26.3 - https:\/\/yoast.com\/wordpress\/plugins\/seo\/ -->\n<title>Des feed-back - Nonna Blanca<\/title>\n<meta name=\"robots\" content=\"index, follow, max-snippet:-1, max-image-preview:large, max-video-preview:-1\" \/>\n<link rel=\"canonical\" href=\"https:\/\/nonnablanca.com\/fr\/des-feed-back\/\" \/>\n<meta property=\"og:locale\" content=\"fr_FR\" \/>\n<meta property=\"og:type\" content=\"article\" \/>\n<meta property=\"og:title\" content=\"Des feed-back - Nonna Blanca\" \/>\n<meta property=\"og:description\" content=\"PARTAGEZ VOS P\u00c2TES ! Vous d\u00e9couvrez Nonna Blanca pour la premi\u00e8re fois en rayon? Vous avez d\u00e9j\u00e0 pr\u00e9par\u00e9 l\u2019une de ses recettes et elle vous a enchant\u00e9? Partagez votre exp\u00e9rience des p\u00e2tes et des plats cuisin\u00e9s Nonna Blanca. CONTACTEZ-NOUS Vous avez des questions sur les produits Nonna Blanca\u00a0? Vous aimeriez tout simplement nous donner un [&hellip;]\" \/>\n<meta property=\"og:url\" content=\"https:\/\/nonnablanca.com\/fr\/des-feed-back\/\" \/>\n<meta property=\"og:site_name\" content=\"Nonna Blanca\" \/>\n<meta property=\"article:modified_time\" content=\"2018-02-20T10:40:33+00:00\" \/>\n<meta name=\"twitter:card\" content=\"summary_large_image\" \/>\n<script type=\"application\/ld+json\" class=\"yoast-schema-graph\">{\"@context\":\"https:\/\/schema.org\",\"@graph\":[{\"@type\":\"WebPage\",\"@id\":\"https:\/\/nonnablanca.com\/fr\/des-feed-back\/\",\"url\":\"https:\/\/nonnablanca.com\/fr\/des-feed-back\/\",\"name\":\"Des feed-back - Nonna Blanca\",\"isPartOf\":{\"@id\":\"https:\/\/nonnablanca.com\/fr\/#website\"},\"datePublished\":\"2018-01-30T13:09:32+00:00\",\"dateModified\":\"2018-02-20T10:40:33+00:00\",\"breadcrumb\":{\"@id\":\"https:\/\/nonnablanca.com\/fr\/des-feed-back\/#breadcrumb\"},\"inLanguage\":\"fr-FR\",\"potentialAction\":[{\"@type\":\"ReadAction\",\"target\":[\"https:\/\/nonnablanca.com\/fr\/des-feed-back\/\"]}]},{\"@type\":\"BreadcrumbList\",\"@id\":\"https:\/\/nonnablanca.com\/fr\/des-feed-back\/#breadcrumb\",\"itemListElement\":[{\"@type\":\"ListItem\",\"position\":1,\"name\":\"Startseite\",\"item\":\"https:\/\/nonnablanca.com\/fr\/\"},{\"@type\":\"ListItem\",\"position\":2,\"name\":\"Des feed-back\"}]},{\"@type\":\"WebSite\",\"@id\":\"https:\/\/nonnablanca.com\/fr\/#website\",\"url\":\"https:\/\/nonnablanca.com\/fr\/\",\"name\":\"Nonna Blanca\",\"description\":\"\",\"potentialAction\":[{\"@type\":\"SearchAction\",\"target\":{\"@type\":\"EntryPoint\",\"urlTemplate\":\"https:\/\/nonnablanca.com\/fr\/?s={search_term_string}\"},\"query-input\":{\"@type\":\"PropertyValueSpecification\",\"valueRequired\":true,\"valueName\":\"search_term_string\"}}],\"inLanguage\":\"fr-FR\"}]}<\/script>\n<!-- \/ Yoast SEO plugin. -->","yoast_head_json":{"title":"Des feed-back - Nonna Blanca","robots":{"index":"index","follow":"follow","max-snippet":"max-snippet:-1","max-image-preview":"max-image-preview:large","max-video-preview":"max-video-preview:-1"},"canonical":"https:\/\/nonnablanca.com\/fr\/des-feed-back\/","og_locale":"fr_FR","og_type":"article","og_title":"Des feed-back - Nonna Blanca","og_description":"PARTAGEZ VOS P\u00c2TES ! Vous d\u00e9couvrez Nonna Blanca pour la premi\u00e8re fois en rayon? Vous avez d\u00e9j\u00e0 pr\u00e9par\u00e9 l\u2019une de ses recettes et elle vous a enchant\u00e9? Partagez votre exp\u00e9rience des p\u00e2tes et des plats cuisin\u00e9s Nonna Blanca. CONTACTEZ-NOUS Vous avez des questions sur les produits Nonna Blanca\u00a0? Vous aimeriez tout simplement nous donner un [&hellip;]","og_url":"https:\/\/nonnablanca.com\/fr\/des-feed-back\/","og_site_name":"Nonna Blanca","article_modified_time":"2018-02-20T10:40:33+00:00","twitter_card":"summary_large_image","schema":{"@context":"https:\/\/schema.org","@graph":[{"@type":"WebPage","@id":"https:\/\/nonnablanca.com\/fr\/des-feed-back\/","url":"https:\/\/nonnablanca.com\/fr\/des-feed-back\/","name":"Des feed-back - Nonna Blanca","isPartOf":{"@id":"https:\/\/nonnablanca.com\/fr\/#website"},"datePublished":"2018-01-30T13:09:32+00:00","dateModified":"2018-02-20T10:40:33+00:00","breadcrumb":{"@id":"https:\/\/nonnablanca.com\/fr\/des-feed-back\/#breadcrumb"},"inLanguage":"fr-FR","potentialAction":[{"@type":"ReadAction","target":["https:\/\/nonnablanca.com\/fr\/des-feed-back\/"]}]},{"@type":"BreadcrumbList","@id":"https:\/\/nonnablanca.com\/fr\/des-feed-back\/#breadcrumb","itemListElement":[{"@type":"ListItem","position":1,"name":"Startseite","item":"https:\/\/nonnablanca.com\/fr\/"},{"@type":"ListItem","position":2,"name":"Des feed-back"}]},{"@type":"WebSite","@id":"https:\/\/nonnablanca.com\/fr\/#website","url":"https:\/\/nonnablanca.com\/fr\/","name":"Nonna Blanca","description":"","potentialAction":[{"@type":"SearchAction","target":{"@type":"EntryPoint","urlTemplate":"https:\/\/nonnablanca.com\/fr\/?s={search_term_string}"},"query-input":{"@type":"PropertyValueSpecification","valueRequired":true,"valueName":"search_term_string"}}],"inLanguage":"fr-FR"}]}},"_links":{"self":[{"href":"https:\/\/nonnablanca.com\/fr\/wp-json\/wp\/v2\/pages\/30","targetHints":{"allow":["GET"]}}],"collection":[{"href":"https:\/\/nonnablanca.com\/fr\/wp-json\/wp\/v2\/pages"}],"about":[{"href":"https:\/\/nonnablanca.com\/fr\/wp-json\/wp\/v2\/types\/page"}],"author":[{"embeddable":true,"href":"https:\/\/nonnablanca.com\/fr\/wp-json\/wp\/v2\/users\/1"}],"replies":[{"embeddable":true,"href":"https:\/\/nonnablanca.com\/fr\/wp-json\/wp\/v2\/comments?post=30"}],"version-history":[{"count":5,"href":"https:\/\/nonnablanca.com\/fr\/wp-json\/wp\/v2\/pages\/30\/revisions"}],"predecessor-version":[{"id":188,"href":"https:\/\/nonnablanca.com\/fr\/wp-json\/wp\/v2\/pages\/30\/revisions\/188"}],"wp:attachment":[{"href":"https:\/\/nonnablanca.com\/fr\/wp-json\/wp\/v2\/media?parent=30"}],"curies":[{"name":"wp","href":"https:\/\/api.w.org\/{rel}","templated":true}]}}