







{"id":32,"date":"2018-01-30T14:09:41","date_gmt":"2018-01-30T13:09:41","guid":{"rendered":"http:\/\/nonnablanca.wp.dev.seaio\/fr\/datenschutz\/"},"modified":"2018-02-02T08:26:33","modified_gmt":"2018-02-02T07:26:33","slug":"protection-des-donnees","status":"publish","type":"page","link":"https:\/\/nonnablanca.com\/fr\/protection-des-donnees\/","title":{"rendered":"Protection des donn\u00e9es"},"content":{"rendered":"<h1 style=\"text-align: center;\">PROTECTION DES DONN\u00c9ES<\/h1>\n<p>Conform\u00e9ment \u00e0 l\u2019article\u00a013 de la Constitution f\u00e9d\u00e9rale suisse et aux dispositions en mati\u00e8re de protection des donn\u00e9es de la Conf\u00e9d\u00e9ration (loi sur la protection des donn\u00e9es, LPD), toute personne a droit \u00e0 la protection de sa vie priv\u00e9e et de ses donn\u00e9es personnelles. Nous respectons ces dispositions. Les donn\u00e9es personnelles sont trait\u00e9es de mani\u00e8re strictement confidentielle et ne sont pas vendues \u00e0 des tiers. Seules les informations donn\u00e9es lors de l\u2019inscription \u00e0 notre newsletter sont transmises \u00e0 des fins marketing, et ce exclusivement au sein d\u2019Ospelt food AG ou \u00e0 des partenaires ayant procuration.<\/p>\n<p>&nbsp;<\/p>\n<p>En \u00e9troite collaboration avec nos fournisseurs d\u2019h\u00e9bergement, nous nous effor\u00e7ons de prot\u00e9ger les banques de donn\u00e9es le mieux possible contre les acc\u00e8s non autoris\u00e9s, les pertes, les utilisations abusives et les falsifications.<\/p>\n<p>Lors de l\u2019acc\u00e8s \u00e0 nos sites Internet, les donn\u00e9es suivantes sont enregistr\u00e9es dans des fichiers journaux\u00a0: adresse\u00a0IP, date, heure, recherches dans le navigateur et ensemble des informations transmises au syst\u00e8me d\u2019exploitation ou au navigateur. Ces donn\u00e9es d\u2019utilisation constituent la base de nos analyses statistiques anonymes qui servent \u00e0 faire \u00e9voluer notre site Internet et nos produits.<\/p>\n    <div class=\"topSpace-big\"><\/div>\n    \n","protected":false},"excerpt":{"rendered":"<p>PROTECTION DES DONN\u00c9ES Conform\u00e9ment \u00e0 l\u2019article\u00a013 de la Constitution f\u00e9d\u00e9rale suisse et aux dispositions en mati\u00e8re de protection des donn\u00e9es de la Conf\u00e9d\u00e9ration (loi sur la protection des donn\u00e9es, LPD), toute personne a droit \u00e0 la protection de sa vie priv\u00e9e et de ses donn\u00e9es personnelles. Nous respectons ces dispositions. Les donn\u00e9es personnelles sont trait\u00e9es [&hellip;]<\/p>\n","protected":false},"author":1,"featured_media":0,"parent":0,"menu_order":200,"comment_status":"closed","ping_status":"closed","template":"","meta":{"footnotes":""},"class_list":["post-32","page","type-page","status-publish","hentry"],"yoast_head":"<!-- This site is optimized with the Yoast SEO plugin v26.3 - https:\/\/yoast.com\/wordpress\/plugins\/seo\/ -->\n<title>Protection des donn\u00e9es - Nonna Blanca<\/title>\n<meta name=\"robots\" content=\"index, follow, max-snippet:-1, max-image-preview:large, max-video-preview:-1\" \/>\n<link rel=\"canonical\" href=\"https:\/\/nonnablanca.com\/fr\/protection-des-donnees\/\" \/>\n<meta property=\"og:locale\" content=\"fr_FR\" \/>\n<meta property=\"og:type\" content=\"article\" \/>\n<meta property=\"og:title\" content=\"Protection des donn\u00e9es - Nonna Blanca\" \/>\n<meta property=\"og:description\" content=\"PROTECTION DES DONN\u00c9ES Conform\u00e9ment \u00e0 l\u2019article\u00a013 de la Constitution f\u00e9d\u00e9rale suisse et aux dispositions en mati\u00e8re de protection des donn\u00e9es de la Conf\u00e9d\u00e9ration (loi sur la protection des donn\u00e9es, LPD), toute personne a droit \u00e0 la protection de sa vie priv\u00e9e et de ses donn\u00e9es personnelles. Nous respectons ces dispositions. Les donn\u00e9es personnelles sont trait\u00e9es [&hellip;]\" \/>\n<meta property=\"og:url\" content=\"https:\/\/nonnablanca.com\/fr\/protection-des-donnees\/\" \/>\n<meta property=\"og:site_name\" content=\"Nonna Blanca\" \/>\n<meta property=\"article:modified_time\" content=\"2018-02-02T07:26:33+00:00\" \/>\n<meta name=\"twitter:card\" content=\"summary_large_image\" \/>\n<meta name=\"twitter:label1\" content=\"Dur\u00e9e de lecture estim\u00e9e\" \/>\n\t<meta name=\"twitter:data1\" content=\"1 minute\" \/>\n<script type=\"application\/ld+json\" class=\"yoast-schema-graph\">{\"@context\":\"https:\/\/schema.org\",\"@graph\":[{\"@type\":\"WebPage\",\"@id\":\"https:\/\/nonnablanca.com\/fr\/protection-des-donnees\/\",\"url\":\"https:\/\/nonnablanca.com\/fr\/protection-des-donnees\/\",\"name\":\"Protection des donn\u00e9es - Nonna Blanca\",\"isPartOf\":{\"@id\":\"https:\/\/nonnablanca.com\/fr\/#website\"},\"datePublished\":\"2018-01-30T13:09:41+00:00\",\"dateModified\":\"2018-02-02T07:26:33+00:00\",\"breadcrumb\":{\"@id\":\"https:\/\/nonnablanca.com\/fr\/protection-des-donnees\/#breadcrumb\"},\"inLanguage\":\"fr-FR\",\"potentialAction\":[{\"@type\":\"ReadAction\",\"target\":[\"https:\/\/nonnablanca.com\/fr\/protection-des-donnees\/\"]}]},{\"@type\":\"BreadcrumbList\",\"@id\":\"https:\/\/nonnablanca.com\/fr\/protection-des-donnees\/#breadcrumb\",\"itemListElement\":[{\"@type\":\"ListItem\",\"position\":1,\"name\":\"Startseite\",\"item\":\"https:\/\/nonnablanca.com\/fr\/\"},{\"@type\":\"ListItem\",\"position\":2,\"name\":\"Protection des donn\u00e9es\"}]},{\"@type\":\"WebSite\",\"@id\":\"https:\/\/nonnablanca.com\/fr\/#website\",\"url\":\"https:\/\/nonnablanca.com\/fr\/\",\"name\":\"Nonna Blanca\",\"description\":\"\",\"potentialAction\":[{\"@type\":\"SearchAction\",\"target\":{\"@type\":\"EntryPoint\",\"urlTemplate\":\"https:\/\/nonnablanca.com\/fr\/?s={search_term_string}\"},\"query-input\":{\"@type\":\"PropertyValueSpecification\",\"valueRequired\":true,\"valueName\":\"search_term_string\"}}],\"inLanguage\":\"fr-FR\"}]}<\/script>\n<!-- \/ Yoast SEO plugin. -->","yoast_head_json":{"title":"Protection des donn\u00e9es - Nonna Blanca","robots":{"index":"index","follow":"follow","max-snippet":"max-snippet:-1","max-image-preview":"max-image-preview:large","max-video-preview":"max-video-preview:-1"},"canonical":"https:\/\/nonnablanca.com\/fr\/protection-des-donnees\/","og_locale":"fr_FR","og_type":"article","og_title":"Protection des donn\u00e9es - Nonna Blanca","og_description":"PROTECTION DES DONN\u00c9ES Conform\u00e9ment \u00e0 l\u2019article\u00a013 de la Constitution f\u00e9d\u00e9rale suisse et aux dispositions en mati\u00e8re de protection des donn\u00e9es de la Conf\u00e9d\u00e9ration (loi sur la protection des donn\u00e9es, LPD), toute personne a droit \u00e0 la protection de sa vie priv\u00e9e et de ses donn\u00e9es personnelles. Nous respectons ces dispositions. Les donn\u00e9es personnelles sont trait\u00e9es [&hellip;]","og_url":"https:\/\/nonnablanca.com\/fr\/protection-des-donnees\/","og_site_name":"Nonna Blanca","article_modified_time":"2018-02-02T07:26:33+00:00","twitter_card":"summary_large_image","twitter_misc":{"Dur\u00e9e de lecture estim\u00e9e":"1 minute"},"schema":{"@context":"https:\/\/schema.org","@graph":[{"@type":"WebPage","@id":"https:\/\/nonnablanca.com\/fr\/protection-des-donnees\/","url":"https:\/\/nonnablanca.com\/fr\/protection-des-donnees\/","name":"Protection des donn\u00e9es - Nonna Blanca","isPartOf":{"@id":"https:\/\/nonnablanca.com\/fr\/#website"},"datePublished":"2018-01-30T13:09:41+00:00","dateModified":"2018-02-02T07:26:33+00:00","breadcrumb":{"@id":"https:\/\/nonnablanca.com\/fr\/protection-des-donnees\/#breadcrumb"},"inLanguage":"fr-FR","potentialAction":[{"@type":"ReadAction","target":["https:\/\/nonnablanca.com\/fr\/protection-des-donnees\/"]}]},{"@type":"BreadcrumbList","@id":"https:\/\/nonnablanca.com\/fr\/protection-des-donnees\/#breadcrumb","itemListElement":[{"@type":"ListItem","position":1,"name":"Startseite","item":"https:\/\/nonnablanca.com\/fr\/"},{"@type":"ListItem","position":2,"name":"Protection des donn\u00e9es"}]},{"@type":"WebSite","@id":"https:\/\/nonnablanca.com\/fr\/#website","url":"https:\/\/nonnablanca.com\/fr\/","name":"Nonna Blanca","description":"","potentialAction":[{"@type":"SearchAction","target":{"@type":"EntryPoint","urlTemplate":"https:\/\/nonnablanca.com\/fr\/?s={search_term_string}"},"query-input":{"@type":"PropertyValueSpecification","valueRequired":true,"valueName":"search_term_string"}}],"inLanguage":"fr-FR"}]}},"_links":{"self":[{"href":"https:\/\/nonnablanca.com\/fr\/wp-json\/wp\/v2\/pages\/32","targetHints":{"allow":["GET"]}}],"collection":[{"href":"https:\/\/nonnablanca.com\/fr\/wp-json\/wp\/v2\/pages"}],"about":[{"href":"https:\/\/nonnablanca.com\/fr\/wp-json\/wp\/v2\/types\/page"}],"author":[{"embeddable":true,"href":"https:\/\/nonnablanca.com\/fr\/wp-json\/wp\/v2\/users\/1"}],"replies":[{"embeddable":true,"href":"https:\/\/nonnablanca.com\/fr\/wp-json\/wp\/v2\/comments?post=32"}],"version-history":[{"count":5,"href":"https:\/\/nonnablanca.com\/fr\/wp-json\/wp\/v2\/pages\/32\/revisions"}],"predecessor-version":[{"id":168,"href":"https:\/\/nonnablanca.com\/fr\/wp-json\/wp\/v2\/pages\/32\/revisions\/168"}],"wp:attachment":[{"href":"https:\/\/nonnablanca.com\/fr\/wp-json\/wp\/v2\/media?parent=32"}],"curies":[{"name":"wp","href":"https:\/\/api.w.org\/{rel}","templated":true}]}}