







{"id":33,"date":"2018-01-30T14:09:51","date_gmt":"2018-01-30T13:09:51","guid":{"rendered":"http:\/\/nonnablanca.wp.dev.seaio\/fr\/impressum\/"},"modified":"2020-08-12T09:37:07","modified_gmt":"2020-08-12T07:37:07","slug":"mentions-legales","status":"publish","type":"page","link":"https:\/\/nonnablanca.com\/fr\/mentions-legales\/","title":{"rendered":"Mentions l\u00e9gales"},"content":{"rendered":"<h1><b>MENTIONS L\u00c9GALES<\/b><\/h1>\n<p><a href=\"http:\/\/www.ospelt.com\" target=\"_blank\" rel=\"noopener noreferrer\"><img loading=\"lazy\" decoding=\"async\" class=\"alignnone wp-image-190\" style=\"max-width: 200px;\" src=\"https:\/\/nonnablanca.com\/fr\/wp-content\/uploads\/sites\/2\/Ospelt_Logo_neu_RGB.png\" alt=\"\" width=\"201\" height=\"74\" srcset=\"https:\/\/nonnablanca.com\/fr\/wp-content\/uploads\/sites\/2\/Ospelt_Logo_neu_RGB.png 397w, https:\/\/nonnablanca.com\/fr\/wp-content\/uploads\/sites\/2\/Ospelt_Logo_neu_RGB-300x110.png 300w\" sizes=\"auto, (max-width: 201px) 100vw, 201px\" \/><\/a><\/p>\n    <div class=\"topSpace-medium\"><\/div>\n    \n<h4><b>\u00c9diteur et fabricant<\/b><\/h4>\n<p>Ospelt food AG<br \/>\nTiefrietstrasse 7<br \/>\nCH-7320 Sargans<br \/>\nSuisse<\/p>\n    <div class=\"topSpace-medium\"><\/div>\n    \n<h4><b>Repr\u00e9sentation en Allemagne<\/b><\/h4>\n<p>Ospelt food GmbH<br \/>\n\u00dcber dem Dieterstedter Bache 14<br \/>\nD-99510 Apolda<\/p>\n<p>Veuillez envoyer vos suggestions de pr\u00e9sentation et vos questions<br \/>\n\u00e0 propos du contenu de ce site internet \u00e0 l&rsquo;adresse suivante:<br \/>\n<a href=\"mailto:info@ospelt.com\" target=\"_blank\" rel=\"noopener noreferrer\">info@ospelt.com<\/a>.<\/p>\n    <div class=\"topSpace-medium\"><\/div>\n    \n<h4 class=\"p1\"><b>Conception et design<\/b><\/h4>\n<p>FONTIJN\/ENDERLI, Baden (Suisse)<br \/>\n<a href=\"http:\/\/www.fe-agentur.ch\" target=\"_blank\" rel=\"noopener noreferrer\">www.fe-agentur.ch<\/a><\/p>\n    <div class=\"topSpace-medium\"><\/div>\n    \n<h4>Mise en \u0153uvre<\/h4>\n<p>seaio.interactive, Uster (Suisse)<br \/>\n<a href=\"http:\/\/www.seaio.ch\" target=\"_blank\" rel=\"noopener noreferrer\">www.seaio.ch<\/a><\/p>\n    <div class=\"topSpace-medium\"><\/div>\n    \n<h4>Copyright<\/h4>\n<p>2017\u20132018 Ospelt food AG<br \/>\nLes droits d\u2019auteur pour l\u2019ensemble des textes et images sont d\u00e9tenus par Ospelt food AG.<\/p>\n<p>Ospelt food AG ne donne aucune garantie sur l\u2019exactitude, la pr\u00e9cision, le caract\u00e8re actuel, la fiabilit\u00e9 et l\u2019exhaustivit\u00e9 des informations du site. Ospelt food\u00a0AG d\u00e9cline express\u00e9ment et totalement toute responsabilit\u00e9 pour les droits \u00e9ventuels en lien avec son site Internet, les donn\u00e9es et informations publi\u00e9es sur celui-ci et\/ou l\u2019utilisation de son site Internet. Ospelt food AG ne saurait \u00eatre tenue responsable des remarques consign\u00e9es sur son site Internet, ni des liens vers les sites Internet de tiers ainsi que du rapport avec des probl\u00e8mes ou dommages pouvant survenir. En outre, Ospelt food AG se r\u00e9serve le droit de modifier ou de compl\u00e9ter les informations d\u00e9j\u00e0 mises \u00e0 disposition. La duplication d\u2019informations ou de donn\u00e9es, notamment l\u2019utilisation de textes ou d\u2019images, est soumise \u00e0 l\u2019autorisation pr\u00e9alable d\u2019Ospelt food AG.<\/p>\n<p>L\u2019ensemble des marques et logos apparaissant sur le site Internet de Nonna Blanca ne peuvent \u00eatre utilis\u00e9s sans le consentement expr\u00e8s d\u2019Ospelt food AG ou du propri\u00e9taire de la marque concern\u00e9e.<\/p>\n    <div class=\"topSpace-big\"><\/div>\n    \n","protected":false},"excerpt":{"rendered":"<p>MENTIONS L\u00c9GALES \u00c9diteur et fabricant Ospelt food AG Tiefrietstrasse 7 CH-7320 Sargans Suisse Repr\u00e9sentation en Allemagne Ospelt food GmbH \u00dcber dem Dieterstedter Bache 14 D-99510 Apolda Veuillez envoyer vos suggestions de pr\u00e9sentation et vos questions \u00e0 propos du contenu de ce site internet \u00e0 l&rsquo;adresse suivante: info@ospelt.com. Conception et design FONTIJN\/ENDERLI, Baden (Suisse) www.fe-agentur.ch Mise [&hellip;]<\/p>\n","protected":false},"author":1,"featured_media":0,"parent":0,"menu_order":210,"comment_status":"closed","ping_status":"closed","template":"","meta":{"footnotes":""},"class_list":["post-33","page","type-page","status-publish","hentry"],"yoast_head":"<!-- This site is optimized with the Yoast SEO plugin v26.3 - https:\/\/yoast.com\/wordpress\/plugins\/seo\/ -->\n<title>Mentions l\u00e9gales - Nonna Blanca<\/title>\n<meta name=\"robots\" content=\"index, follow, max-snippet:-1, max-image-preview:large, max-video-preview:-1\" \/>\n<link rel=\"canonical\" href=\"https:\/\/nonnablanca.com\/fr\/mentions-legales\/\" \/>\n<meta property=\"og:locale\" content=\"fr_FR\" \/>\n<meta property=\"og:type\" content=\"article\" \/>\n<meta property=\"og:title\" content=\"Mentions l\u00e9gales - Nonna Blanca\" \/>\n<meta property=\"og:description\" content=\"MENTIONS L\u00c9GALES \u00c9diteur et fabricant Ospelt food AG Tiefrietstrasse 7 CH-7320 Sargans Suisse Repr\u00e9sentation en Allemagne Ospelt food GmbH \u00dcber dem Dieterstedter Bache 14 D-99510 Apolda Veuillez envoyer vos suggestions de pr\u00e9sentation et vos questions \u00e0 propos du contenu de ce site internet \u00e0 l&rsquo;adresse suivante: info@ospelt.com. Conception et design FONTIJN\/ENDERLI, Baden (Suisse) www.fe-agentur.ch Mise [&hellip;]\" \/>\n<meta property=\"og:url\" content=\"https:\/\/nonnablanca.com\/fr\/mentions-legales\/\" \/>\n<meta property=\"og:site_name\" content=\"Nonna Blanca\" \/>\n<meta property=\"article:modified_time\" content=\"2020-08-12T07:37:07+00:00\" \/>\n<meta property=\"og:image\" content=\"https:\/\/nonnablanca.com\/fr\/wp-content\/uploads\/sites\/2\/Ospelt_Logo_neu_RGB.png\" \/>\n<meta name=\"twitter:card\" content=\"summary_large_image\" \/>\n<meta name=\"twitter:label1\" content=\"Dur\u00e9e de lecture estim\u00e9e\" \/>\n\t<meta name=\"twitter:data1\" content=\"1 minute\" \/>\n<script type=\"application\/ld+json\" class=\"yoast-schema-graph\">{\"@context\":\"https:\/\/schema.org\",\"@graph\":[{\"@type\":\"WebPage\",\"@id\":\"https:\/\/nonnablanca.com\/fr\/mentions-legales\/\",\"url\":\"https:\/\/nonnablanca.com\/fr\/mentions-legales\/\",\"name\":\"Mentions l\u00e9gales - Nonna Blanca\",\"isPartOf\":{\"@id\":\"https:\/\/nonnablanca.com\/fr\/#website\"},\"primaryImageOfPage\":{\"@id\":\"https:\/\/nonnablanca.com\/fr\/mentions-legales\/#primaryimage\"},\"image\":{\"@id\":\"https:\/\/nonnablanca.com\/fr\/mentions-legales\/#primaryimage\"},\"thumbnailUrl\":\"https:\/\/nonnablanca.com\/fr\/wp-content\/uploads\/sites\/2\/Ospelt_Logo_neu_RGB.png\",\"datePublished\":\"2018-01-30T13:09:51+00:00\",\"dateModified\":\"2020-08-12T07:37:07+00:00\",\"breadcrumb\":{\"@id\":\"https:\/\/nonnablanca.com\/fr\/mentions-legales\/#breadcrumb\"},\"inLanguage\":\"fr-FR\",\"potentialAction\":[{\"@type\":\"ReadAction\",\"target\":[\"https:\/\/nonnablanca.com\/fr\/mentions-legales\/\"]}]},{\"@type\":\"ImageObject\",\"inLanguage\":\"fr-FR\",\"@id\":\"https:\/\/nonnablanca.com\/fr\/mentions-legales\/#primaryimage\",\"url\":\"https:\/\/nonnablanca.com\/fr\/wp-content\/uploads\/sites\/2\/Ospelt_Logo_neu_RGB.png\",\"contentUrl\":\"https:\/\/nonnablanca.com\/fr\/wp-content\/uploads\/sites\/2\/Ospelt_Logo_neu_RGB.png\",\"width\":397,\"height\":146},{\"@type\":\"BreadcrumbList\",\"@id\":\"https:\/\/nonnablanca.com\/fr\/mentions-legales\/#breadcrumb\",\"itemListElement\":[{\"@type\":\"ListItem\",\"position\":1,\"name\":\"Startseite\",\"item\":\"https:\/\/nonnablanca.com\/fr\/\"},{\"@type\":\"ListItem\",\"position\":2,\"name\":\"Mentions l\u00e9gales\"}]},{\"@type\":\"WebSite\",\"@id\":\"https:\/\/nonnablanca.com\/fr\/#website\",\"url\":\"https:\/\/nonnablanca.com\/fr\/\",\"name\":\"Nonna Blanca\",\"description\":\"\",\"potentialAction\":[{\"@type\":\"SearchAction\",\"target\":{\"@type\":\"EntryPoint\",\"urlTemplate\":\"https:\/\/nonnablanca.com\/fr\/?s={search_term_string}\"},\"query-input\":{\"@type\":\"PropertyValueSpecification\",\"valueRequired\":true,\"valueName\":\"search_term_string\"}}],\"inLanguage\":\"fr-FR\"}]}<\/script>\n<!-- \/ Yoast SEO plugin. -->","yoast_head_json":{"title":"Mentions l\u00e9gales - Nonna Blanca","robots":{"index":"index","follow":"follow","max-snippet":"max-snippet:-1","max-image-preview":"max-image-preview:large","max-video-preview":"max-video-preview:-1"},"canonical":"https:\/\/nonnablanca.com\/fr\/mentions-legales\/","og_locale":"fr_FR","og_type":"article","og_title":"Mentions l\u00e9gales - Nonna Blanca","og_description":"MENTIONS L\u00c9GALES \u00c9diteur et fabricant Ospelt food AG Tiefrietstrasse 7 CH-7320 Sargans Suisse Repr\u00e9sentation en Allemagne Ospelt food GmbH \u00dcber dem Dieterstedter Bache 14 D-99510 Apolda Veuillez envoyer vos suggestions de pr\u00e9sentation et vos questions \u00e0 propos du contenu de ce site internet \u00e0 l&rsquo;adresse suivante: info@ospelt.com. Conception et design FONTIJN\/ENDERLI, Baden (Suisse) www.fe-agentur.ch Mise [&hellip;]","og_url":"https:\/\/nonnablanca.com\/fr\/mentions-legales\/","og_site_name":"Nonna Blanca","article_modified_time":"2020-08-12T07:37:07+00:00","og_image":[{"url":"https:\/\/nonnablanca.com\/fr\/wp-content\/uploads\/sites\/2\/Ospelt_Logo_neu_RGB.png","type":"","width":"","height":""}],"twitter_card":"summary_large_image","twitter_misc":{"Dur\u00e9e de lecture estim\u00e9e":"1 minute"},"schema":{"@context":"https:\/\/schema.org","@graph":[{"@type":"WebPage","@id":"https:\/\/nonnablanca.com\/fr\/mentions-legales\/","url":"https:\/\/nonnablanca.com\/fr\/mentions-legales\/","name":"Mentions l\u00e9gales - Nonna Blanca","isPartOf":{"@id":"https:\/\/nonnablanca.com\/fr\/#website"},"primaryImageOfPage":{"@id":"https:\/\/nonnablanca.com\/fr\/mentions-legales\/#primaryimage"},"image":{"@id":"https:\/\/nonnablanca.com\/fr\/mentions-legales\/#primaryimage"},"thumbnailUrl":"https:\/\/nonnablanca.com\/fr\/wp-content\/uploads\/sites\/2\/Ospelt_Logo_neu_RGB.png","datePublished":"2018-01-30T13:09:51+00:00","dateModified":"2020-08-12T07:37:07+00:00","breadcrumb":{"@id":"https:\/\/nonnablanca.com\/fr\/mentions-legales\/#breadcrumb"},"inLanguage":"fr-FR","potentialAction":[{"@type":"ReadAction","target":["https:\/\/nonnablanca.com\/fr\/mentions-legales\/"]}]},{"@type":"ImageObject","inLanguage":"fr-FR","@id":"https:\/\/nonnablanca.com\/fr\/mentions-legales\/#primaryimage","url":"https:\/\/nonnablanca.com\/fr\/wp-content\/uploads\/sites\/2\/Ospelt_Logo_neu_RGB.png","contentUrl":"https:\/\/nonnablanca.com\/fr\/wp-content\/uploads\/sites\/2\/Ospelt_Logo_neu_RGB.png","width":397,"height":146},{"@type":"BreadcrumbList","@id":"https:\/\/nonnablanca.com\/fr\/mentions-legales\/#breadcrumb","itemListElement":[{"@type":"ListItem","position":1,"name":"Startseite","item":"https:\/\/nonnablanca.com\/fr\/"},{"@type":"ListItem","position":2,"name":"Mentions l\u00e9gales"}]},{"@type":"WebSite","@id":"https:\/\/nonnablanca.com\/fr\/#website","url":"https:\/\/nonnablanca.com\/fr\/","name":"Nonna Blanca","description":"","potentialAction":[{"@type":"SearchAction","target":{"@type":"EntryPoint","urlTemplate":"https:\/\/nonnablanca.com\/fr\/?s={search_term_string}"},"query-input":{"@type":"PropertyValueSpecification","valueRequired":true,"valueName":"search_term_string"}}],"inLanguage":"fr-FR"}]}},"_links":{"self":[{"href":"https:\/\/nonnablanca.com\/fr\/wp-json\/wp\/v2\/pages\/33","targetHints":{"allow":["GET"]}}],"collection":[{"href":"https:\/\/nonnablanca.com\/fr\/wp-json\/wp\/v2\/pages"}],"about":[{"href":"https:\/\/nonnablanca.com\/fr\/wp-json\/wp\/v2\/types\/page"}],"author":[{"embeddable":true,"href":"https:\/\/nonnablanca.com\/fr\/wp-json\/wp\/v2\/users\/1"}],"replies":[{"embeddable":true,"href":"https:\/\/nonnablanca.com\/fr\/wp-json\/wp\/v2\/comments?post=33"}],"version-history":[{"count":5,"href":"https:\/\/nonnablanca.com\/fr\/wp-json\/wp\/v2\/pages\/33\/revisions"}],"predecessor-version":[{"id":191,"href":"https:\/\/nonnablanca.com\/fr\/wp-json\/wp\/v2\/pages\/33\/revisions\/191"}],"wp:attachment":[{"href":"https:\/\/nonnablanca.com\/fr\/wp-json\/wp\/v2\/media?parent=33"}],"curies":[{"name":"wp","href":"https:\/\/api.w.org\/{rel}","templated":true}]}}